{"id":29428,"date":"2025-05-04T20:16:38","date_gmt":"2025-05-04T18:16:38","guid":{"rendered":"https:\/\/fardestinationstours.com\/?page_id=29428"},"modified":"2025-12-13T13:07:38","modified_gmt":"2025-12-13T12:07:38","slug":"voyage-sur-mesure-en-inde-circuits-prive-avec-agence-locale-en-inde","status":"publish","type":"page","link":"https:\/\/fardestinationstours.com\/en\/made-to-measure-travel\/","title":{"rendered":"Tailor-made trips:"},"content":{"rendered":"<h1 class=\"wp-block-heading\">Tailor-made tours in India - Explore India differently with Far Destinations Tours<\/h1>\n\n\n\n<p>Discover India the way you want to with a <strong>a unique and authentic made-to-measure trip<\/strong>. Whether you're dreaming of royal Rajasthan, the peaceful backwaters of Kerala or the colourful temples of Tamil Nadu, our <strong>local French-speaking agency<\/strong> will help you create a personalised 100% itinerary. You choose the duration, stages, accommodation and activities. We'll take care of organising everything, for a <strong>an unforgettable stay in India<\/strong>secure and at your own pace. Contact us for a <strong>free quotation<\/strong> !<\/p>\n\n\n\n<h3 class=\"wp-block-heading\">Create your own trip to India<\/h3>\n\n\n\n<p>India is a fascinating country, vast and full of contrasts, where each region offers a unique experience. To experience this diversity to the full, <strong>a tailor-made trip to India<\/strong> is the best way to discover this country of a thousand faces. At <strong>Far Destinations Tours<\/strong>we are a <strong><a href=\"https:\/\/www.rajasthan-voyages.fr\/enquiry-now\/\">local agency based in India<\/a><\/strong>specialises in personalised tours. Whether you're passionate about culture, nature, spirituality or gastronomy, we design unique itineraries to suit your wishes, pace and budget.<\/p>\n\n\n\n<hr class=\"wp-block-separator has-alpha-channel-opacity\"\/>\n\n\n\n<h3 class=\"wp-block-heading\"> Why choose a tailor-made trip to India?<\/h3>\n\n\n\n<p>A <strong>tailor-made tour packages<\/strong> allows you to get off the beaten track, explore authentic places and experience unique moments, far from mass tourism. By choosing this type of travel, you benefit from a number of advantages:<\/p>\n\n\n\n<ul class=\"wp-block-list\">\n<li><strong>Customised 100% itinerary<\/strong> We'll work with you to design a programme tailored to your interests (culture, nature, encounters, spirituality...).<\/li>\n\n\n\n<li><strong>Total flexibility<\/strong> You choose your dates, duration, stages and level of comfort.<\/li>\n\n\n\n<li><strong>Local support<\/strong> Our experienced French-speaking guides and drivers will be with you every step of the way.<\/li>\n\n\n\n<li><strong>Authentic experience<\/strong> including overnight stays with local people, meetings with craftspeople, village walks, religious ceremonies...<\/li>\n<\/ul>\n\n\n\n<hr class=\"wp-block-separator has-alpha-channel-opacity\"\/>\n\n\n\n<h3 class=\"wp-block-heading\">Our top destinations in India<\/h3>\n\n\n\n<p>We'll take you on a tour of India's most beautiful regions, from the mythical north to the tropical south:<\/p>\n\n\n\n<h4 class=\"wp-block-heading\"><strong><a href=\"https:\/\/fr.wikipedia.org\/wiki\/Rajasthan\">Rajasthan<\/a><\/strong> the land of kings<\/h4>\n\n\n\n<p>Explore the Maharajas' palaces, majestic forts and the colourful cities of Jaipur, Jodhpur and Udaipur. Visit <strong>Tailor-made Rajasthan<\/strong> is ideal for history and heritage enthusiasts.<\/p>\n\n\n\n<h4 class=\"wp-block-heading\">Kerala: green and peaceful India<\/h4>\n\n\n\n<p>Enjoy a gentle journey through the <strong>backwaters of Kerala<\/strong>The perfect place for couples and wellness enthusiasts. Perfect for couples and wellness enthusiasts.<\/p>\n\n\n\n<h4 class=\"wp-block-heading\">North India: spirituality and the Himalayas<\/h4>\n\n\n\n<p>Discover Varanasi, the sacred city on the Ganges, the temples of Khajuraho, the Himalayan foothills of Sikkim or Rishikesh. An extraordinary spiritual journey.<\/p>\n\n\n\n<h4 class=\"wp-block-heading\">South India: temples and traditions<\/h4>\n\n\n\n<p>Travel through Tamil Nadu and its impressive Dravidian temples, sample its spicy cuisine and experience a more traditional, unspoilt India.<\/p>\n\n\n\n<hr class=\"wp-block-separator has-alpha-channel-opacity\"\/>\n\n\n\n<h3 class=\"wp-block-heading\"> How do you build your tailor-made trip?<\/h3>\n\n\n\n<p>It couldn't be simpler! Contact our French-speaking team and together we'll work out your <strong>tailor-made trip to India<\/strong> in 3 stages:<\/p>\n\n\n\n<ol class=\"wp-block-list\">\n<li><strong>Discussing and listening to your expectations<\/strong> (themes, budget, duration, etc.)<\/li>\n\n\n\n<li><strong>Proposal of a personalised itinerary<\/strong> with accommodation, activities and transport.<\/li>\n\n\n\n<li><strong>Booking and support<\/strong> until you return.<\/li>\n<\/ol>\n\n\n\n<p>Our aim is to provide you with an unforgettable, secure and tailor-made experience.<\/p>\n\n\n\n<hr class=\"wp-block-separator has-alpha-channel-opacity\"\/>\n\n\n\n<h3 class=\"wp-block-heading\"> Our commitments<\/h3>\n\n\n\n<p>At Far Destinations Tours, we place the highest <strong>quality of service and customer satisfaction<\/strong> at the heart of our approach. By choosing to travel with us :<\/p>\n\n\n\n<ul class=\"wp-block-list\">\n<li>You benefit from <strong>personalised service<\/strong>with a dedicated contact person.<\/li>\n\n\n\n<li>We promote <strong>responsible local partnerships<\/strong>for sustainable tourism.<\/li>\n\n\n\n<li>Our team will assist you 24 hours a day, before, during and after your stay.<\/li>\n<\/ul>\n\n\n\n<hr class=\"wp-block-separator has-alpha-channel-opacity\"\/>\n\n\n\n<h3 class=\"wp-block-heading\"> When should you travel to India?<\/h3>\n\n\n\n<p>India can be visited all year round, but certain seasons are more favourable depending on the region:<\/p>\n\n\n\n<ul class=\"wp-block-list\">\n<li><strong>October to March<\/strong> ideal for the North, Rajasthan and Kerala.<\/li>\n\n\n\n<li><strong>April to June<\/strong> Prefer high altitude regions (Himachal Pradesh, Ladakh).<\/li>\n\n\n\n<li><strong>July to September<\/strong> Kerala: monsoon season, perfect for lovers of greenery in Kerala.<\/li>\n<\/ul>\n\n\n\n<hr class=\"wp-block-separator has-alpha-channel-opacity\"\/>\n\n\n\n<h3 class=\"wp-block-heading\"><strong>Request your free quote<\/strong><\/h3>\n\n\n\n<p>Do you dream of experiencing India in your own image? Fill in our online form and receive <strong>your free personalised quote<\/strong> within 48 hours. Get inspired by our tours, or let us create your own. <strong>tailor-made trip to India<\/strong>authentic, human and memorable.<\/p>\n\n\n\n<p>Create a trip to suit you with our local agency. From Rajasthan to Bhutan, we'll work with you to design a personalised 100 % itinerary to suit your wishes, pace and budget.<\/p>\n\n\n\n<p><\/p>","protected":false},"excerpt":{"rendered":"<p>Voyage sur mesure en Inde \u2013 Explorez l\u2019Inde autrement avec Far Destinations Tours Partez \u00e0 la d\u00e9couverte de l\u2019Inde selon vos envies avec un voyage sur mesure unique et authentique. Que vous r\u00eaviez du Rajasthan royal, des backwaters paisibles du Kerala ou des temples color\u00e9s du Tamil Nadu, notre agence locale francophone vous accompagne pour [&hellip;]<\/p>\n","protected":false},"author":2,"featured_media":0,"parent":0,"menu_order":0,"comment_status":"closed","ping_status":"closed","template":"","meta":{"inline_featured_image":false,"footnotes":""},"class_list":["post-29428","page","type-page","status-publish","hentry"],"yoast_head":"<!-- This site is optimized with the Yoast SEO Premium plugin v19.2.1 (Yoast SEO v27.2) - https:\/\/yoast.com\/product\/yoast-seo-premium-wordpress\/ -->\n<title>Voyage sur mesure Inde | Circuits priv\u00e9 avec agence locale en Inde<\/title>\n<meta name=\"description\" content=\"Cr\u00e9ez votre voyage sur mesure en Inde avec une agence locale experte. voyage personnalis\u00e9s, prix justes, guides francophones. Devis gratuit.\" \/>\n<meta name=\"robots\" content=\"index, follow, max-snippet:-1, max-image-preview:large, max-video-preview:-1\" \/>\n<link rel=\"canonical\" href=\"https:\/\/fardestinationstours.com\/en\/made-to-measure-travel\/\" \/>\n<meta property=\"og:locale\" content=\"en_GB\" \/>\n<meta property=\"og:type\" content=\"article\" \/>\n<meta property=\"og:title\" content=\"Voyage sur mesure:\" \/>\n<meta property=\"og:description\" content=\"Cr\u00e9ez votre voyage sur mesure en Inde avec une agence locale experte. voyage personnalis\u00e9s, prix justes, guides francophones. Devis gratuit.\" \/>\n<meta property=\"og:url\" content=\"https:\/\/fardestinationstours.com\/en\/made-to-measure-travel\/\" \/>\n<meta property=\"og:site_name\" content=\"Far Destinations tours\" \/>\n<meta property=\"article:modified_time\" content=\"2025-12-13T12:07:38+00:00\" \/>\n<meta name=\"twitter:card\" content=\"summary_large_image\" \/>\n<meta name=\"twitter:label1\" content=\"Estimated reading time\" \/>\n\t<meta name=\"twitter:data1\" content=\"4 minutes\" \/>\n<script type=\"application\/ld+json\" class=\"yoast-schema-graph\">{\"@context\":\"https:\/\/schema.org\",\"@graph\":[{\"@type\":\"WebPage\",\"@id\":\"https:\/\/fardestinationstours.com\/voyage-sur-mesure-en-inde-circuits-prive-avec-agence-locale-en-inde\/\",\"url\":\"https:\/\/fardestinationstours.com\/voyage-sur-mesure-en-inde-circuits-prive-avec-agence-locale-en-inde\/\",\"name\":\"Voyage sur mesure Inde | Circuits priv\u00e9 avec agence locale en Inde\",\"isPartOf\":{\"@id\":\"https:\/\/fardestinationstours.com\/#website\"},\"datePublished\":\"2025-05-04T18:16:38+00:00\",\"dateModified\":\"2025-12-13T12:07:38+00:00\",\"description\":\"Cr\u00e9ez votre voyage sur mesure en Inde avec une agence locale experte. voyage personnalis\u00e9s, prix justes, guides francophones. Devis gratuit.\",\"breadcrumb\":{\"@id\":\"https:\/\/fardestinationstours.com\/voyage-sur-mesure-en-inde-circuits-prive-avec-agence-locale-en-inde\/#breadcrumb\"},\"inLanguage\":\"en-GB\",\"potentialAction\":[{\"@type\":\"ReadAction\",\"target\":[\"https:\/\/fardestinationstours.com\/voyage-sur-mesure-en-inde-circuits-prive-avec-agence-locale-en-inde\/\"]}]},{\"@type\":\"BreadcrumbList\",\"@id\":\"https:\/\/fardestinationstours.com\/voyage-sur-mesure-en-inde-circuits-prive-avec-agence-locale-en-inde\/#breadcrumb\",\"itemListElement\":[{\"@type\":\"ListItem\",\"position\":1,\"name\":\"Home\",\"item\":\"https:\/\/fardestinationstours.com\/\"},{\"@type\":\"ListItem\",\"position\":2,\"name\":\"Voyage sur mesure:\"}]},{\"@type\":\"WebSite\",\"@id\":\"https:\/\/fardestinationstours.com\/#website\",\"url\":\"https:\/\/fardestinationstours.com\/\",\"name\":\"Far Destinations tours\",\"description\":\"Partir \u00e0 la d\u00e9couverte du monde !\",\"publisher\":{\"@id\":\"https:\/\/fardestinationstours.com\/#organization\"},\"potentialAction\":[{\"@type\":\"SearchAction\",\"target\":{\"@type\":\"EntryPoint\",\"urlTemplate\":\"https:\/\/fardestinationstours.com\/?s={search_term_string}\"},\"query-input\":{\"@type\":\"PropertyValueSpecification\",\"valueRequired\":true,\"valueName\":\"search_term_string\"}}],\"inLanguage\":\"en-GB\"},{\"@type\":\"Organization\",\"@id\":\"https:\/\/fardestinationstours.com\/#organization\",\"name\":\"Far Destinations tours\",\"url\":\"https:\/\/fardestinationstours.com\/\",\"logo\":{\"@type\":\"ImageObject\",\"inLanguage\":\"en-GB\",\"@id\":\"https:\/\/fardestinationstours.com\/#\/schema\/logo\/image\/\",\"url\":\"https:\/\/fardestinationstours.com\/wp-content\/uploads\/2023\/06\/cropped-logo-fdt-jpg.png\",\"contentUrl\":\"https:\/\/fardestinationstours.com\/wp-content\/uploads\/2023\/06\/cropped-logo-fdt-jpg.png\",\"width\":460,\"height\":413,\"caption\":\"Far Destinations tours\"},\"image\":{\"@id\":\"https:\/\/fardestinationstours.com\/#\/schema\/logo\/image\/\"}}]}<\/script>\n<!-- \/ Yoast SEO Premium plugin. -->","yoast_head_json":{"title":"Voyage sur mesure Inde | Circuits priv\u00e9 avec agence locale en Inde","description":"Cr\u00e9ez votre voyage sur mesure en Inde avec une agence locale experte. voyage personnalis\u00e9s, prix justes, guides francophones. Devis gratuit.","robots":{"index":"index","follow":"follow","max-snippet":"max-snippet:-1","max-image-preview":"max-image-preview:large","max-video-preview":"max-video-preview:-1"},"canonical":"https:\/\/fardestinationstours.com\/en\/made-to-measure-travel\/","og_locale":"en_GB","og_type":"article","og_title":"Voyage sur mesure:","og_description":"Cr\u00e9ez votre voyage sur mesure en Inde avec une agence locale experte. voyage personnalis\u00e9s, prix justes, guides francophones. Devis gratuit.","og_url":"https:\/\/fardestinationstours.com\/en\/made-to-measure-travel\/","og_site_name":"Far Destinations tours","article_modified_time":"2025-12-13T12:07:38+00:00","twitter_card":"summary_large_image","twitter_misc":{"Estimated reading time":"4 minutes"},"schema":{"@context":"https:\/\/schema.org","@graph":[{"@type":"WebPage","@id":"https:\/\/fardestinationstours.com\/voyage-sur-mesure-en-inde-circuits-prive-avec-agence-locale-en-inde\/","url":"https:\/\/fardestinationstours.com\/voyage-sur-mesure-en-inde-circuits-prive-avec-agence-locale-en-inde\/","name":"Voyage sur mesure Inde | Circuits priv\u00e9 avec agence locale en Inde","isPartOf":{"@id":"https:\/\/fardestinationstours.com\/#website"},"datePublished":"2025-05-04T18:16:38+00:00","dateModified":"2025-12-13T12:07:38+00:00","description":"Cr\u00e9ez votre voyage sur mesure en Inde avec une agence locale experte. voyage personnalis\u00e9s, prix justes, guides francophones. Devis gratuit.","breadcrumb":{"@id":"https:\/\/fardestinationstours.com\/voyage-sur-mesure-en-inde-circuits-prive-avec-agence-locale-en-inde\/#breadcrumb"},"inLanguage":"en-GB","potentialAction":[{"@type":"ReadAction","target":["https:\/\/fardestinationstours.com\/voyage-sur-mesure-en-inde-circuits-prive-avec-agence-locale-en-inde\/"]}]},{"@type":"BreadcrumbList","@id":"https:\/\/fardestinationstours.com\/voyage-sur-mesure-en-inde-circuits-prive-avec-agence-locale-en-inde\/#breadcrumb","itemListElement":[{"@type":"ListItem","position":1,"name":"Home","item":"https:\/\/fardestinationstours.com\/"},{"@type":"ListItem","position":2,"name":"Voyage sur mesure:"}]},{"@type":"WebSite","@id":"https:\/\/fardestinationstours.com\/#website","url":"https:\/\/fardestinationstours.com\/","name":"Far Destinations tours","description":"Discover the world!","publisher":{"@id":"https:\/\/fardestinationstours.com\/#organization"},"potentialAction":[{"@type":"SearchAction","target":{"@type":"EntryPoint","urlTemplate":"https:\/\/fardestinationstours.com\/?s={search_term_string}"},"query-input":{"@type":"PropertyValueSpecification","valueRequired":true,"valueName":"search_term_string"}}],"inLanguage":"en-GB"},{"@type":"Organization","@id":"https:\/\/fardestinationstours.com\/#organization","name":"Far Destinations tours","url":"https:\/\/fardestinationstours.com\/","logo":{"@type":"ImageObject","inLanguage":"en-GB","@id":"https:\/\/fardestinationstours.com\/#\/schema\/logo\/image\/","url":"https:\/\/fardestinationstours.com\/wp-content\/uploads\/2023\/06\/cropped-logo-fdt-jpg.png","contentUrl":"https:\/\/fardestinationstours.com\/wp-content\/uploads\/2023\/06\/cropped-logo-fdt-jpg.png","width":460,"height":413,"caption":"Far Destinations tours"},"image":{"@id":"https:\/\/fardestinationstours.com\/#\/schema\/logo\/image\/"}}]}},"_links":{"self":[{"href":"https:\/\/fardestinationstours.com\/en\/wp-json\/wp\/v2\/pages\/29428","targetHints":{"allow":["GET"]}}],"collection":[{"href":"https:\/\/fardestinationstours.com\/en\/wp-json\/wp\/v2\/pages"}],"about":[{"href":"https:\/\/fardestinationstours.com\/en\/wp-json\/wp\/v2\/types\/page"}],"author":[{"embeddable":true,"href":"https:\/\/fardestinationstours.com\/en\/wp-json\/wp\/v2\/users\/2"}],"replies":[{"embeddable":true,"href":"https:\/\/fardestinationstours.com\/en\/wp-json\/wp\/v2\/comments?post=29428"}],"version-history":[{"count":11,"href":"https:\/\/fardestinationstours.com\/en\/wp-json\/wp\/v2\/pages\/29428\/revisions"}],"predecessor-version":[{"id":30254,"href":"https:\/\/fardestinationstours.com\/en\/wp-json\/wp\/v2\/pages\/29428\/revisions\/30254"}],"wp:attachment":[{"href":"https:\/\/fardestinationstours.com\/en\/wp-json\/wp\/v2\/media?parent=29428"}],"curies":[{"name":"wp","href":"https:\/\/api.w.org\/{rel}","templated":true}]}}