{"id":29432,"date":"2025-05-04T20:22:23","date_gmt":"2025-05-04T18:22:23","guid":{"rendered":"https:\/\/fardestinationstours.com\/?page_id=29432"},"modified":"2025-05-19T16:53:22","modified_gmt":"2025-05-19T14:53:22","slug":"circuits-nord-sud-rajasthan-kerala","status":"publish","type":"page","link":"https:\/\/fardestinationstours.com\/en\/travel-in-inde-2\/travel-in-inde\/","title":{"rendered":"Travel to India"},"content":{"rendered":"<p>\ud83c\udf0f Travel in India: must-see tours from North to South<\/p>\n\n\n\n<p>India, a land of contrasts and spirituality, appeals to travellers in search of authenticity. From the temples of Tamil Nadu to the palaces of Rajasthan and the beaches of Kerala, each region offers a palette of unique emotions. Whether you want to explore<a href=\"https:\/\/fardestinationstours.com\/en\/voyage-inde-du-nord\/\">North India<\/a>experience a <a href=\"https:\/\/fardestinationstours.com\/en\/south-kerala-india\/\">Ayurvedic cure in Kerala<\/a>or embark on a <a href=\"\/en\/voyage-inde-du-sud\/\">travel in South India<\/a> in a small group, discover our complete guide to visiting India according to your desires.<\/p>\n\n\n\n<p><strong>To find out more about specific cultural characteristics, visit the official tourism website :<\/strong> <a href=\"https:\/\/www.incredibleindia.org\/\" target=\"_blank\" rel=\"noreferrer noopener\">Incredible India<\/a>.<\/p>\n\n\n\n<h2 class=\"wp-block-heading\">South India tour: nature, temples and well-being<\/h2>\n\n\n\n<p>A <a href=\"\/en\/voyage-inde-du-sud\/\">South India tour<\/a> takes you on an encounter with a gentle, enchanting culture. This type of trip is ideal for those who want to combine nature, temples and well-being.<\/p>\n\n\n\n<ul class=\"wp-block-list\">\n<li>Le <strong>Kerala<\/strong>its backwaters, and its famous skincare tradition <a href=\"https:\/\/www.kairali.com\/\" target=\"_blank\" rel=\"noreferrer noopener\">ayurvedic<\/a>.<\/li>\n\n\n\n<li>Tamil Nadu and its majestic Dravidian temples.<\/li>\n\n\n\n<li>Tea plantations in Munnar.<\/li>\n\n\n\n<li>Karnataka and the imperial city of Hampi.<\/li>\n<\/ul>\n\n\n\n<p><strong>For an authentic experience, discover also<\/strong> : <a href=\"https:\/\/www.aryavaidyasala.com\/\" target=\"_blank\" rel=\"noreferrer noopener\">Arya Vaidya Sala - Kottakkal<\/a>.<\/p>\n\n\n\n<h2 class=\"wp-block-heading\">Journey to Rajasthan: splendour and legends of the North<\/h2>\n\n\n\n<p>A <a href=\"https:\/\/fardestinationstours.com\/en\/north-india-rajasthan-varanasi\/\">trip to Rajasthan<\/a> is a must for anyone wishing to immerse themselves in the world of<a href=\"https:\/\/fardestinationstours.com\/en\/voyage-inde-du-nord\/\">North India<\/a> history. Forts, palaces, the Thar desert and colourful towns await you in a unique setting. <a href=\"https:\/\/fardestinationstours.com\/en\/north-india-rajasthan-varanasi\/\">15-day Rajasthan tour<\/a> rich in emotion.<\/p>\n\n\n\n<ul class=\"wp-block-list\">\n<li>Jaipur, the pink city<\/li>\n\n\n\n<li>Jodhpur, the blue city<\/li>\n\n\n\n<li>Udaipur and its lakes<\/li>\n\n\n\n<li>Jaisalmer and the Thar Desert<\/li>\n<\/ul>\n\n\n\n<h2 class=\"wp-block-heading\">Organised holidays in India: what prices should you expect?<\/h2>\n\n\n\n<p>You're wondering what the <strong>price of an all-inclusive trip to India<\/strong> ? Costs vary according to length of stay, season and type of holiday (luxury or budget).<\/p>\n\n\n\n<ul class=\"wp-block-list\">\n<li><strong>Organised trips India<\/strong> between \u20ac1,500 and \u20ac3,500 for 2 weeks.<\/li>\n\n\n\n<li><strong>Travel India cheap<\/strong> From \u20ac1,000, in a group or on your own.<\/li>\n\n\n\n<li><strong>All-inclusive travel in India<\/strong> All-inclusive: ideal for a relaxed getaway.<\/li>\n<\/ul>\n\n\n\n<p>Before you leave, check the entry conditions on the<a href=\"https:\/\/www.ambinde.fr\/\" target=\"_blank\" rel=\"noreferrer noopener\">Embassy of India in France<\/a>.<br>For safety and health recommendations, consult <a href=\"https:\/\/www.diplomatie.gouv.fr\/fr\/conseils-aux-voyageurs\/inde\/\" target=\"_blank\" rel=\"noreferrer noopener\">France Diplomatie - India<\/a>.<\/p>\n\n\n\n<h2 class=\"wp-block-heading\">Getting around India: train, plane or car?<\/h2>\n\n\n\n<p>Travelling in India requires a minimum of logistical preparation.<\/p>\n\n\n\n<ul class=\"wp-block-list\">\n<li>To view the options between two cities (train, bus, flight), use <a href=\"https:\/\/www.rome2rio.com\/fr\/\" target=\"_blank\" rel=\"noreferrer noopener\">Rome2Rio<\/a>.<\/li>\n\n\n\n<li>Want to take the train? The website <a href=\"https:\/\/www.seat61.com\/India.htm\" target=\"_blank\" rel=\"noreferrer noopener\">Seat61 - Train travel in India<\/a> is an essential reference.<\/li>\n<\/ul>\n\n\n\n<h2 class=\"wp-block-heading\">Who should you go with?<\/h2>\n\n\n\n<p>Calling on a <a href=\"https:\/\/fardestinationstours.com\/en\/voyage-sur-mesure\/\">agency specialising in India<\/a> or a local player recognised as <strong><a href=\"https:\/\/www.rajasthan-voyages.fr\/enquiry-now\/\">Rajasthan-travel India <\/a><\/strong>guarantees you a personalised, secure and immersive experience.<\/p>\n\n\n\n<h2 class=\"wp-block-heading\">Conclusion: a multi-faceted journey, a single destination<\/h2>\n\n\n\n<p>Whether you're dreaming of a <a href=\"https:\/\/fardestinationstours.com\/en\/south-kerala-india\/\">Ayurvedic cure in India<\/a>a <a href=\"https:\/\/fardestinationstours.com\/en\/rajasthan\/\">10-day Rajasthan tour<\/a> or a <a href=\"https:\/\/fardestinationstours.com\/en\/rajasthan\/\">all-inclusive package tour<\/a>India awaits you with its thousand faces. Plan your itinerary carefully, call in the experts and let yourself be carried away by the magic of India.<\/p>\n\n\n\n<p><\/p>","protected":false},"excerpt":{"rendered":"<p>\ud83c\udf0f Voyage en Inde : circuits incontournables du Nord au Sud L\u2019Inde, terre de contrastes et de spiritualit\u00e9, s\u00e9duit les voyageurs en qu\u00eate d\u2019authenticit\u00e9. Entre les temples du Tamil Nadu, les palais du Rajasthan et les plages du Kerala, chaque r\u00e9gion offre une palette d\u2019\u00e9motions uniques. Que vous souhaitiez explorer l\u2019Inde du Nord, vivre une [&hellip;]<\/p>\n","protected":false},"author":2,"featured_media":30099,"parent":29886,"menu_order":0,"comment_status":"closed","ping_status":"closed","template":"","meta":{"inline_featured_image":false,"footnotes":""},"class_list":["post-29432","page","type-page","status-publish","has-post-thumbnail","hentry"],"yoast_head":"<!-- This site is optimized with the Yoast SEO Premium plugin v19.2.1 (Yoast SEO v27.2) - https:\/\/yoast.com\/product\/yoast-seo-premium-wordpress\/ -->\n<title>Voyage en Inde |Circuit nord &amp; sud rajasthan,kerala-prix conseils<\/title>\n<meta name=\"description\" content=\"Partez en voyage en Inde avec nos circuits au Nord &amp; Sud : Rajasthan, Kerala,Voyages sur mesure, petits groupes &amp; cures ayurv\u00e9diques. Prix tout compris.\" \/>\n<meta name=\"robots\" content=\"index, follow, max-snippet:-1, max-image-preview:large, max-video-preview:-1\" \/>\n<link rel=\"canonical\" href=\"https:\/\/fardestinationstours.com\/en\/travel-in-inde-2\/travel-in-inde\/\" \/>\n<meta property=\"og:locale\" content=\"en_GB\" \/>\n<meta property=\"og:type\" content=\"article\" \/>\n<meta property=\"og:title\" content=\"Voyage en Inde\" \/>\n<meta property=\"og:description\" content=\"Partez en voyage en Inde avec nos circuits au Nord &amp; Sud : Rajasthan, Kerala,Voyages sur mesure, petits groupes &amp; cures ayurv\u00e9diques. Prix tout compris.\" \/>\n<meta property=\"og:url\" content=\"https:\/\/fardestinationstours.com\/en\/travel-in-inde-2\/travel-in-inde\/\" \/>\n<meta property=\"og:site_name\" content=\"Far Destinations tours\" \/>\n<meta property=\"article:modified_time\" content=\"2025-05-19T14:53:22+00:00\" \/>\n<meta property=\"og:image\" content=\"https:\/\/fardestinationstours.com\/wp-content\/uploads\/2025\/05\/photos-jacques-033-scaled.jpg\" \/>\n\t<meta property=\"og:image:width\" content=\"2560\" \/>\n\t<meta property=\"og:image:height\" content=\"1920\" \/>\n\t<meta property=\"og:image:type\" content=\"image\/jpeg\" \/>\n<meta name=\"twitter:card\" content=\"summary_large_image\" \/>\n<meta name=\"twitter:label1\" content=\"Estimated reading time\" \/>\n\t<meta name=\"twitter:data1\" content=\"3 minutes\" \/>\n<script type=\"application\/ld+json\" class=\"yoast-schema-graph\">{\"@context\":\"https:\/\/schema.org\",\"@graph\":[{\"@type\":\"WebPage\",\"@id\":\"https:\/\/fardestinationstours.com\/voyage-en-inde\/circuits-nord-sud-rajasthan-kerala\/\",\"url\":\"https:\/\/fardestinationstours.com\/voyage-en-inde\/circuits-nord-sud-rajasthan-kerala\/\",\"name\":\"Voyage en Inde |Circuit nord & sud rajasthan,kerala-prix conseils\",\"isPartOf\":{\"@id\":\"https:\/\/fardestinationstours.com\/#website\"},\"primaryImageOfPage\":{\"@id\":\"https:\/\/fardestinationstours.com\/voyage-en-inde\/circuits-nord-sud-rajasthan-kerala\/#primaryimage\"},\"image\":{\"@id\":\"https:\/\/fardestinationstours.com\/voyage-en-inde\/circuits-nord-sud-rajasthan-kerala\/#primaryimage\"},\"thumbnailUrl\":\"https:\/\/fardestinationstours.com\/wp-content\/uploads\/2025\/05\/photos-jacques-033-scaled.jpg\",\"datePublished\":\"2025-05-04T18:22:23+00:00\",\"dateModified\":\"2025-05-19T14:53:22+00:00\",\"description\":\"Partez en voyage en Inde avec nos circuits au Nord & Sud : Rajasthan, Kerala,Voyages sur mesure, petits groupes & cures ayurv\u00e9diques. Prix tout compris.\",\"breadcrumb\":{\"@id\":\"https:\/\/fardestinationstours.com\/voyage-en-inde\/circuits-nord-sud-rajasthan-kerala\/#breadcrumb\"},\"inLanguage\":\"en-GB\",\"potentialAction\":[{\"@type\":\"ReadAction\",\"target\":[\"https:\/\/fardestinationstours.com\/voyage-en-inde\/circuits-nord-sud-rajasthan-kerala\/\"]}]},{\"@type\":\"ImageObject\",\"inLanguage\":\"en-GB\",\"@id\":\"https:\/\/fardestinationstours.com\/voyage-en-inde\/circuits-nord-sud-rajasthan-kerala\/#primaryimage\",\"url\":\"https:\/\/fardestinationstours.com\/wp-content\/uploads\/2025\/05\/photos-jacques-033-scaled.jpg\",\"contentUrl\":\"https:\/\/fardestinationstours.com\/wp-content\/uploads\/2025\/05\/photos-jacques-033-scaled.jpg\",\"width\":2560,\"height\":1920},{\"@type\":\"BreadcrumbList\",\"@id\":\"https:\/\/fardestinationstours.com\/voyage-en-inde\/circuits-nord-sud-rajasthan-kerala\/#breadcrumb\",\"itemListElement\":[{\"@type\":\"ListItem\",\"position\":1,\"name\":\"Home\",\"item\":\"https:\/\/fardestinationstours.com\/\"},{\"@type\":\"ListItem\",\"position\":2,\"name\":\"voyage en Inde:\",\"item\":\"https:\/\/fardestinationstours.com\/voyage-en-inde\/\"},{\"@type\":\"ListItem\",\"position\":3,\"name\":\"Voyage en Inde\"}]},{\"@type\":\"WebSite\",\"@id\":\"https:\/\/fardestinationstours.com\/#website\",\"url\":\"https:\/\/fardestinationstours.com\/\",\"name\":\"Far Destinations tours\",\"description\":\"Partir \u00e0 la d\u00e9couverte du monde !\",\"publisher\":{\"@id\":\"https:\/\/fardestinationstours.com\/#organization\"},\"potentialAction\":[{\"@type\":\"SearchAction\",\"target\":{\"@type\":\"EntryPoint\",\"urlTemplate\":\"https:\/\/fardestinationstours.com\/?s={search_term_string}\"},\"query-input\":{\"@type\":\"PropertyValueSpecification\",\"valueRequired\":true,\"valueName\":\"search_term_string\"}}],\"inLanguage\":\"en-GB\"},{\"@type\":\"Organization\",\"@id\":\"https:\/\/fardestinationstours.com\/#organization\",\"name\":\"Far Destinations tours\",\"url\":\"https:\/\/fardestinationstours.com\/\",\"logo\":{\"@type\":\"ImageObject\",\"inLanguage\":\"en-GB\",\"@id\":\"https:\/\/fardestinationstours.com\/#\/schema\/logo\/image\/\",\"url\":\"https:\/\/fardestinationstours.com\/wp-content\/uploads\/2023\/06\/cropped-logo-fdt-jpg.png\",\"contentUrl\":\"https:\/\/fardestinationstours.com\/wp-content\/uploads\/2023\/06\/cropped-logo-fdt-jpg.png\",\"width\":460,\"height\":413,\"caption\":\"Far Destinations tours\"},\"image\":{\"@id\":\"https:\/\/fardestinationstours.com\/#\/schema\/logo\/image\/\"}}]}<\/script>\n<!-- \/ Yoast SEO Premium plugin. -->","yoast_head_json":{"title":"Travel in India |Tour north &amp; south rajasthan,kerala-price advice","description":"Take a trip to India with our North &amp; South tours: Rajasthan, Kerala, Tailor-made tours, small groups &amp; Ayurvedic cures. All inclusive prices.","robots":{"index":"index","follow":"follow","max-snippet":"max-snippet:-1","max-image-preview":"max-image-preview:large","max-video-preview":"max-video-preview:-1"},"canonical":"https:\/\/fardestinationstours.com\/en\/travel-in-inde-2\/travel-in-inde\/","og_locale":"en_GB","og_type":"article","og_title":"Voyage en Inde","og_description":"Partez en voyage en Inde avec nos circuits au Nord & Sud : Rajasthan, Kerala,Voyages sur mesure, petits groupes & cures ayurv\u00e9diques. Prix tout compris.","og_url":"https:\/\/fardestinationstours.com\/en\/travel-in-inde-2\/travel-in-inde\/","og_site_name":"Far Destinations tours","article_modified_time":"2025-05-19T14:53:22+00:00","og_image":[{"width":2560,"height":1920,"url":"https:\/\/fardestinationstours.com\/wp-content\/uploads\/2025\/05\/photos-jacques-033-scaled.jpg","type":"image\/jpeg"}],"twitter_card":"summary_large_image","twitter_misc":{"Estimated reading time":"3 minutes"},"schema":{"@context":"https:\/\/schema.org","@graph":[{"@type":"WebPage","@id":"https:\/\/fardestinationstours.com\/voyage-en-inde\/circuits-nord-sud-rajasthan-kerala\/","url":"https:\/\/fardestinationstours.com\/voyage-en-inde\/circuits-nord-sud-rajasthan-kerala\/","name":"Travel in India |Tour north &amp; south rajasthan,kerala-price advice","isPartOf":{"@id":"https:\/\/fardestinationstours.com\/#website"},"primaryImageOfPage":{"@id":"https:\/\/fardestinationstours.com\/voyage-en-inde\/circuits-nord-sud-rajasthan-kerala\/#primaryimage"},"image":{"@id":"https:\/\/fardestinationstours.com\/voyage-en-inde\/circuits-nord-sud-rajasthan-kerala\/#primaryimage"},"thumbnailUrl":"https:\/\/fardestinationstours.com\/wp-content\/uploads\/2025\/05\/photos-jacques-033-scaled.jpg","datePublished":"2025-05-04T18:22:23+00:00","dateModified":"2025-05-19T14:53:22+00:00","description":"Take a trip to India with our North &amp; South tours: Rajasthan, Kerala, Tailor-made tours, small groups &amp; Ayurvedic cures. All inclusive prices.","breadcrumb":{"@id":"https:\/\/fardestinationstours.com\/voyage-en-inde\/circuits-nord-sud-rajasthan-kerala\/#breadcrumb"},"inLanguage":"en-GB","potentialAction":[{"@type":"ReadAction","target":["https:\/\/fardestinationstours.com\/voyage-en-inde\/circuits-nord-sud-rajasthan-kerala\/"]}]},{"@type":"ImageObject","inLanguage":"en-GB","@id":"https:\/\/fardestinationstours.com\/voyage-en-inde\/circuits-nord-sud-rajasthan-kerala\/#primaryimage","url":"https:\/\/fardestinationstours.com\/wp-content\/uploads\/2025\/05\/photos-jacques-033-scaled.jpg","contentUrl":"https:\/\/fardestinationstours.com\/wp-content\/uploads\/2025\/05\/photos-jacques-033-scaled.jpg","width":2560,"height":1920},{"@type":"BreadcrumbList","@id":"https:\/\/fardestinationstours.com\/voyage-en-inde\/circuits-nord-sud-rajasthan-kerala\/#breadcrumb","itemListElement":[{"@type":"ListItem","position":1,"name":"Home","item":"https:\/\/fardestinationstours.com\/"},{"@type":"ListItem","position":2,"name":"voyage en Inde:","item":"https:\/\/fardestinationstours.com\/voyage-en-inde\/"},{"@type":"ListItem","position":3,"name":"Voyage en Inde"}]},{"@type":"WebSite","@id":"https:\/\/fardestinationstours.com\/#website","url":"https:\/\/fardestinationstours.com\/","name":"Far Destinations tours","description":"Discover the world!","publisher":{"@id":"https:\/\/fardestinationstours.com\/#organization"},"potentialAction":[{"@type":"SearchAction","target":{"@type":"EntryPoint","urlTemplate":"https:\/\/fardestinationstours.com\/?s={search_term_string}"},"query-input":{"@type":"PropertyValueSpecification","valueRequired":true,"valueName":"search_term_string"}}],"inLanguage":"en-GB"},{"@type":"Organization","@id":"https:\/\/fardestinationstours.com\/#organization","name":"Far Destinations tours","url":"https:\/\/fardestinationstours.com\/","logo":{"@type":"ImageObject","inLanguage":"en-GB","@id":"https:\/\/fardestinationstours.com\/#\/schema\/logo\/image\/","url":"https:\/\/fardestinationstours.com\/wp-content\/uploads\/2023\/06\/cropped-logo-fdt-jpg.png","contentUrl":"https:\/\/fardestinationstours.com\/wp-content\/uploads\/2023\/06\/cropped-logo-fdt-jpg.png","width":460,"height":413,"caption":"Far Destinations tours"},"image":{"@id":"https:\/\/fardestinationstours.com\/#\/schema\/logo\/image\/"}}]}},"_links":{"self":[{"href":"https:\/\/fardestinationstours.com\/en\/wp-json\/wp\/v2\/pages\/29432","targetHints":{"allow":["GET"]}}],"collection":[{"href":"https:\/\/fardestinationstours.com\/en\/wp-json\/wp\/v2\/pages"}],"about":[{"href":"https:\/\/fardestinationstours.com\/en\/wp-json\/wp\/v2\/types\/page"}],"author":[{"embeddable":true,"href":"https:\/\/fardestinationstours.com\/en\/wp-json\/wp\/v2\/users\/2"}],"replies":[{"embeddable":true,"href":"https:\/\/fardestinationstours.com\/en\/wp-json\/wp\/v2\/comments?post=29432"}],"version-history":[{"count":7,"href":"https:\/\/fardestinationstours.com\/en\/wp-json\/wp\/v2\/pages\/29432\/revisions"}],"predecessor-version":[{"id":30183,"href":"https:\/\/fardestinationstours.com\/en\/wp-json\/wp\/v2\/pages\/29432\/revisions\/30183"}],"up":[{"embeddable":true,"href":"https:\/\/fardestinationstours.com\/en\/wp-json\/wp\/v2\/pages\/29886"}],"wp:featuredmedia":[{"embeddable":true,"href":"https:\/\/fardestinationstours.com\/en\/wp-json\/wp\/v2\/media\/30099"}],"wp:attachment":[{"href":"https:\/\/fardestinationstours.com\/en\/wp-json\/wp\/v2\/media?parent=29432"}],"curies":[{"name":"wp","href":"https:\/\/api.w.org\/{rel}","templated":true}]}}