{"id":29503,"date":"2025-05-06T20:08:26","date_gmt":"2025-05-06T18:08:26","guid":{"rendered":"https:\/\/fardestinationstours.com\/?page_id=29503"},"modified":"2025-05-19T19:03:22","modified_gmt":"2025-05-19T17:03:22","slug":"temple-tigre-le-livre-de-la-jungle-13-jours-11-nuits","status":"publish","type":"page","link":"https:\/\/fardestinationstours.com\/en\/program-circuits\/","title":{"rendered":"Tours &amp; Programmes"},"content":{"rendered":"<h2 class=\"wp-block-heading\"><a href=\"https:\/\/fr.wikipedia.org\/wiki\/Inde_du_Nord\">Travel to North India<\/a><\/h2>\n\n\n\n<h2 class=\"wp-block-heading\">The Jungle Book (13 days \/11 nights)Temple &amp; Tiger in India<\/h2>\n\n\n\n<p>The state of Madhya Pradesh is a veritable jewel of India, and there are many adjectives that could be attributed to it. Nevertheless, it is undeniably characterised by its peaceful and wild side. It is the kingdom of the country's great nature reserves, home to India's emblematic animal: the majestic tiger. An adventure and discovery tour in the heart of the world that inspired Rudyard Kipling and gave birth to the world-famous novel&nbsp;<em>The Jungle Book<\/em>.<\/p>\n\n\n\n<p><br>Itinerary: Delhi-Jhansi-Orchha-Khajuraho-Bandhavgarh Reserve-Chougan-Kanha Reserve-Pench Reserve-Nagpur<\/p>\n\n\n\n<p><strong>Day 1 France \/ Delhi<\/strong><\/p>\n\n\n\n<p>Flight from France to Delhi. Typical welcome with a flower necklace and, depending on your arrival time, transfer to the hotel. Overnight at your hotel.<\/p>\n\n\n\n<p><strong>Day 2 Delhi \/ Jhansi \/ Orchha(Train)<\/strong><\/p>\n\n\n\n<p>After breakfast, transfer to Delhi station and train to Jhansi. Arrival, welcome and transfer to Orchha, lunch en route.  Arrival in Orchha. The magnifience of Orccha remains frozen in stone by time. Check-in at the hotel. Dinner and overnight at the hotel.<\/p>\n\n\n\n<p><strong>Day 3 Orchha<\/strong><\/p>\n\n\n\n<p>After breakfast, you will discover the marvellous temples of Orchha situated on the banks of the river. Lunch during the visits. Then the afternoon is free to explore the city and take the time to stroll around. Dinner and overnight at the hotel.<\/p>\n\n\n\n<p><strong>Day 4 Orccha \/ <a href=\"https:\/\/fr.wikipedia.org\/wiki\/Khajur%C3%A2ho\">Khajuraho<\/a><\/strong><\/p>\n\n\n\n<p>After breakfast at the hotel, departure for Khajuraho. Arrive in Khajuraho and check into your hotel. In the afternoon you will visit the famous temples of Khajuraho built by the Chandela Kings between the 10th and 11th centuries. You will visit the most important of these temples, the temple of Chaunseth Yogini, dedicated to the goddess Kali. You can also visit the Mahadev, Chitragupta and Bharatji temples, all decorated with erotic statues depicting scenes from the Kamasutra. Lunch during the visits. Dinner and overnight at the hotel.<\/p>\n\n\n\n<p><strong>Day 5 Khajuraho \/ Bandhavgarh Reserve<\/strong><\/p>\n\n\n\n<p>After breakfast, departure for Bandhavgarh Park. On the way you will enjoy some splendid scenery. Lunch en route. Arrival at Bandhavgarh. Check-in at your lodge. Departure for the impressive tiger reserve. You will explore this enchanting Indian jungle on a safari during which you will meet the tigers and other inhabitants of these places who live in perfect harmony with nature. After a wonderful time in the reserve, return to the hotel. Dinner and overnight at the hotel.<\/p>\n\n\n\n<p><strong>Day 6 Bandhavgarh Reserve<\/strong><\/p>\n\n\n\n<p>During your stay, you'll take the time to discover the former hunting reserve of the Maharajas, where the white tiger, then naturally known as the Rewa Tiger, was first observed. This 450 km\u00b2 reserve is covered mainly by clear, green forest. It is undoubtedly a perfect place to observe more than 20 species of mammal. These include the small red gazelle, the shy four-horned antelope, the mongoose, the wolf, the golden jackal... Close to the herds of deer, axis and sambar, which it loves, the tiger has an undisputed dominance over the animal population of Bandavgarh. It is on the back of an elephant led by its mahout that you will watch in absolute silence for the arrival of the master of the place. Meals and overnight at the lodge.<\/p>\n\n\n\n<p><strong>Day 7 Bandhavgarh \/ Chougan<\/strong><\/p>\n\n\n\n<p>After breakfast, departure for Chougan, a small, quiet village in the heart of the countryside. It is here that the ancient palaces of Maharana and Maharani stand, veritable treasures of the glory of a bygone empire. This day away from the usual tourist trails will be an opportunity to discover life in the Indian countryside in all its authenticity. Lunch during the visits. Dinner and overnight at the hotel.<\/p>\n\n\n\n<p><strong>Day 8 Chougan \/ Kanha<\/strong><\/p>\n\n\n\n<p>After breakfast, departure for the Kanha nature reserve. Arrival, check-in at the hotel and lunch. Afternoon game drive in the lush Kanha forest in search of Barasingha deer, the famous tigers, elephants and Langur monkeys. Return to the lodge at the end of the day. Free time. Dinner and overnight at the lodge.<\/p>\n\n\n\n<p><strong>Day 9 Kanha<\/strong><\/p>\n\n\n\n<p>After breakfast, this day will be devoted to rediscovering the reserve and will be an opportunity to go in search of the animals you missed the day before. Return to the hotel for lunch before setting off into the jungle again in the afternoon. Dinner and overnight at the hotel.<\/p>\n\n\n\n<p><strong>Day 10 Kanha \/ Pench<\/strong><\/p>\n\n\n\n<p>After breakfast, departure for the Pench nature reserve. Less frequented and much quieter, it is ideal for observing and meeting animals.  Arrive and check into your hotel. Lunch at the hotel. Afternoon game drive. Dinner and overnight at the hotel.<\/p>\n\n\n\n<p><strong>Day 11 Pench \/ Nagpur \/ Delhi<\/strong><\/p>\n\n\n\n<p>After breakfast, departure for a safari in the park. You will discover the marvellous lakes that form the border between the states of Madhya Pradesh and Maharashtra. You will also discover the \"ghost trees\", which can be identified by their white colour. Lunch at the hotel then departure for Nagpur airport to catch your flight to Delhi. Welcome at the airport, transfer, dinner and overnight at the hotel.<\/p>\n\n\n\n<p><strong>Day 12 Delhi \/ France<\/strong><\/p>\n\n\n\n<p>Visit of Delhi: emblematic sites of Old and New Delhi, memorials, Qutub Minar, Connaught Place, then transfer to the airport.<\/p>\n\n\n\n<p><strong>Day 13 France<\/strong><\/p>\n\n\n\n<p>&nbsp;Arrival in France.<\/p>\n\n\n\n<p><\/p>","protected":false},"excerpt":{"rendered":"<p>Voyage en Inde du Nord Le Livre de la Jungle (13 jours \/11 nuits)Temple &amp; Tigre en Inde L\u2019Etat du Madhya Pradesh est un v\u00e9ritable joyau de l\u2019Inde et nombreux sont les adjectifs qui pourrait lui \u00eatre attribu\u00e9. N\u00e9anmoins il se caract\u00e9rise incontestablement par son cot\u00e9 paisible et sauvage. C\u2019est le royaume des grandes r\u00e9serves [&hellip;]<\/p>\n","protected":false},"author":2,"featured_media":0,"parent":0,"menu_order":0,"comment_status":"closed","ping_status":"closed","template":"","meta":{"inline_featured_image":false,"footnotes":""},"class_list":["post-29503","page","type-page","status-publish","hentry"],"yoast_head":"<!-- This site is optimized with the Yoast SEO Premium plugin v19.2.1 (Yoast SEO v27.2) - https:\/\/yoast.com\/product\/yoast-seo-premium-wordpress\/ -->\n<title>voyage en inde du nord- Le Livre de la Jungle (13 jours \/11 nuits)<\/title>\n<meta name=\"description\" content=\"Le Livre de la Jungle (13 jours \/11 nuits) en inde du nord avec fardestinationstours votre agence de voyage locale en inde\" \/>\n<meta name=\"robots\" content=\"index, follow, max-snippet:-1, max-image-preview:large, max-video-preview:-1\" \/>\n<link rel=\"canonical\" href=\"https:\/\/fardestinationstours.com\/en\/program-circuits\/\" \/>\n<meta property=\"og:locale\" content=\"en_GB\" \/>\n<meta property=\"og:type\" content=\"article\" \/>\n<meta property=\"og:title\" content=\"Circuits &amp; Programmes\" \/>\n<meta property=\"og:description\" content=\"Le Livre de la Jungle (13 jours \/11 nuits) en inde du nord avec fardestinationstours votre agence de voyage locale en inde\" \/>\n<meta property=\"og:url\" content=\"https:\/\/fardestinationstours.com\/en\/program-circuits\/\" \/>\n<meta property=\"og:site_name\" content=\"Far Destinations tours\" \/>\n<meta property=\"article:modified_time\" content=\"2025-05-19T17:03:22+00:00\" \/>\n<meta name=\"twitter:card\" content=\"summary_large_image\" \/>\n<meta name=\"twitter:label1\" content=\"Estimated reading time\" \/>\n\t<meta name=\"twitter:data1\" content=\"5 minutes\" \/>\n<script type=\"application\/ld+json\" class=\"yoast-schema-graph\">{\"@context\":\"https:\/\/schema.org\",\"@graph\":[{\"@type\":\"WebPage\",\"@id\":\"https:\/\/fardestinationstours.com\/temple-tigre-le-livre-de-la-jungle-13-jours-11-nuits\/\",\"url\":\"https:\/\/fardestinationstours.com\/temple-tigre-le-livre-de-la-jungle-13-jours-11-nuits\/\",\"name\":\"voyage en inde du nord- Le Livre de la Jungle (13 jours \/11 nuits)\",\"isPartOf\":{\"@id\":\"https:\/\/fardestinationstours.com\/#website\"},\"datePublished\":\"2025-05-06T18:08:26+00:00\",\"dateModified\":\"2025-05-19T17:03:22+00:00\",\"description\":\"Le Livre de la Jungle (13 jours \/11 nuits) en inde du nord avec fardestinationstours votre agence de voyage locale en inde\",\"breadcrumb\":{\"@id\":\"https:\/\/fardestinationstours.com\/temple-tigre-le-livre-de-la-jungle-13-jours-11-nuits\/#breadcrumb\"},\"inLanguage\":\"en-GB\",\"potentialAction\":[{\"@type\":\"ReadAction\",\"target\":[\"https:\/\/fardestinationstours.com\/temple-tigre-le-livre-de-la-jungle-13-jours-11-nuits\/\"]}]},{\"@type\":\"BreadcrumbList\",\"@id\":\"https:\/\/fardestinationstours.com\/temple-tigre-le-livre-de-la-jungle-13-jours-11-nuits\/#breadcrumb\",\"itemListElement\":[{\"@type\":\"ListItem\",\"position\":1,\"name\":\"Home\",\"item\":\"https:\/\/fardestinationstours.com\/\"},{\"@type\":\"ListItem\",\"position\":2,\"name\":\"Circuits &#038; Programmes\"}]},{\"@type\":\"WebSite\",\"@id\":\"https:\/\/fardestinationstours.com\/#website\",\"url\":\"https:\/\/fardestinationstours.com\/\",\"name\":\"Far Destinations tours\",\"description\":\"Partir \u00e0 la d\u00e9couverte du monde !\",\"publisher\":{\"@id\":\"https:\/\/fardestinationstours.com\/#organization\"},\"potentialAction\":[{\"@type\":\"SearchAction\",\"target\":{\"@type\":\"EntryPoint\",\"urlTemplate\":\"https:\/\/fardestinationstours.com\/?s={search_term_string}\"},\"query-input\":{\"@type\":\"PropertyValueSpecification\",\"valueRequired\":true,\"valueName\":\"search_term_string\"}}],\"inLanguage\":\"en-GB\"},{\"@type\":\"Organization\",\"@id\":\"https:\/\/fardestinationstours.com\/#organization\",\"name\":\"Far Destinations tours\",\"url\":\"https:\/\/fardestinationstours.com\/\",\"logo\":{\"@type\":\"ImageObject\",\"inLanguage\":\"en-GB\",\"@id\":\"https:\/\/fardestinationstours.com\/#\/schema\/logo\/image\/\",\"url\":\"https:\/\/fardestinationstours.com\/wp-content\/uploads\/2023\/06\/cropped-logo-fdt-jpg.png\",\"contentUrl\":\"https:\/\/fardestinationstours.com\/wp-content\/uploads\/2023\/06\/cropped-logo-fdt-jpg.png\",\"width\":460,\"height\":413,\"caption\":\"Far Destinations tours\"},\"image\":{\"@id\":\"https:\/\/fardestinationstours.com\/#\/schema\/logo\/image\/\"}}]}<\/script>\n<!-- \/ Yoast SEO Premium plugin. -->","yoast_head_json":{"title":"north india trip - The Jungle Book (13 days \/11 nights)","description":"The Jungle Book (13 days \/11 nights) in North India with fardestinationstours your local travel agency in India","robots":{"index":"index","follow":"follow","max-snippet":"max-snippet:-1","max-image-preview":"max-image-preview:large","max-video-preview":"max-video-preview:-1"},"canonical":"https:\/\/fardestinationstours.com\/en\/program-circuits\/","og_locale":"en_GB","og_type":"article","og_title":"Circuits & Programmes","og_description":"Le Livre de la Jungle (13 jours \/11 nuits) en inde du nord avec fardestinationstours votre agence de voyage locale en inde","og_url":"https:\/\/fardestinationstours.com\/en\/program-circuits\/","og_site_name":"Far Destinations tours","article_modified_time":"2025-05-19T17:03:22+00:00","twitter_card":"summary_large_image","twitter_misc":{"Estimated reading time":"5 minutes"},"schema":{"@context":"https:\/\/schema.org","@graph":[{"@type":"WebPage","@id":"https:\/\/fardestinationstours.com\/temple-tigre-le-livre-de-la-jungle-13-jours-11-nuits\/","url":"https:\/\/fardestinationstours.com\/temple-tigre-le-livre-de-la-jungle-13-jours-11-nuits\/","name":"north india trip - The Jungle Book (13 days \/11 nights)","isPartOf":{"@id":"https:\/\/fardestinationstours.com\/#website"},"datePublished":"2025-05-06T18:08:26+00:00","dateModified":"2025-05-19T17:03:22+00:00","description":"The Jungle Book (13 days \/11 nights) in North India with fardestinationstours your local travel agency in India","breadcrumb":{"@id":"https:\/\/fardestinationstours.com\/temple-tigre-le-livre-de-la-jungle-13-jours-11-nuits\/#breadcrumb"},"inLanguage":"en-GB","potentialAction":[{"@type":"ReadAction","target":["https:\/\/fardestinationstours.com\/temple-tigre-le-livre-de-la-jungle-13-jours-11-nuits\/"]}]},{"@type":"BreadcrumbList","@id":"https:\/\/fardestinationstours.com\/temple-tigre-le-livre-de-la-jungle-13-jours-11-nuits\/#breadcrumb","itemListElement":[{"@type":"ListItem","position":1,"name":"Home","item":"https:\/\/fardestinationstours.com\/"},{"@type":"ListItem","position":2,"name":"Circuits &#038; Programmes"}]},{"@type":"WebSite","@id":"https:\/\/fardestinationstours.com\/#website","url":"https:\/\/fardestinationstours.com\/","name":"Far Destinations tours","description":"Discover the world!","publisher":{"@id":"https:\/\/fardestinationstours.com\/#organization"},"potentialAction":[{"@type":"SearchAction","target":{"@type":"EntryPoint","urlTemplate":"https:\/\/fardestinationstours.com\/?s={search_term_string}"},"query-input":{"@type":"PropertyValueSpecification","valueRequired":true,"valueName":"search_term_string"}}],"inLanguage":"en-GB"},{"@type":"Organization","@id":"https:\/\/fardestinationstours.com\/#organization","name":"Far Destinations tours","url":"https:\/\/fardestinationstours.com\/","logo":{"@type":"ImageObject","inLanguage":"en-GB","@id":"https:\/\/fardestinationstours.com\/#\/schema\/logo\/image\/","url":"https:\/\/fardestinationstours.com\/wp-content\/uploads\/2023\/06\/cropped-logo-fdt-jpg.png","contentUrl":"https:\/\/fardestinationstours.com\/wp-content\/uploads\/2023\/06\/cropped-logo-fdt-jpg.png","width":460,"height":413,"caption":"Far Destinations tours"},"image":{"@id":"https:\/\/fardestinationstours.com\/#\/schema\/logo\/image\/"}}]}},"_links":{"self":[{"href":"https:\/\/fardestinationstours.com\/en\/wp-json\/wp\/v2\/pages\/29503","targetHints":{"allow":["GET"]}}],"collection":[{"href":"https:\/\/fardestinationstours.com\/en\/wp-json\/wp\/v2\/pages"}],"about":[{"href":"https:\/\/fardestinationstours.com\/en\/wp-json\/wp\/v2\/types\/page"}],"author":[{"embeddable":true,"href":"https:\/\/fardestinationstours.com\/en\/wp-json\/wp\/v2\/users\/2"}],"replies":[{"embeddable":true,"href":"https:\/\/fardestinationstours.com\/en\/wp-json\/wp\/v2\/comments?post=29503"}],"version-history":[{"count":11,"href":"https:\/\/fardestinationstours.com\/en\/wp-json\/wp\/v2\/pages\/29503\/revisions"}],"predecessor-version":[{"id":30248,"href":"https:\/\/fardestinationstours.com\/en\/wp-json\/wp\/v2\/pages\/29503\/revisions\/30248"}],"wp:attachment":[{"href":"https:\/\/fardestinationstours.com\/en\/wp-json\/wp\/v2\/media?parent=29503"}],"curies":[{"name":"wp","href":"https:\/\/api.w.org\/{rel}","templated":true}]}}