{"id":29506,"date":"2025-05-06T20:08:27","date_gmt":"2025-05-06T18:08:27","guid":{"rendered":"https:\/\/fardestinationstours.com\/?page_id=29506"},"modified":"2025-12-13T16:04:43","modified_gmt":"2025-12-13T15:04:43","slug":"devis-sur-mesure-gratuit","status":"publish","type":"page","link":"https:\/\/fardestinationstours.com\/en\/contact-3\/","title":{"rendered":"Contact \/ Quotation"},"content":{"rendered":"<div data-elementor-type=\"wp-page\" data-elementor-id=\"29506\" class=\"elementor elementor-29506\" data-elementor-post-type=\"page\">\n\t\t\t\t\t\t<section class=\"elementor-section elementor-top-section elementor-element elementor-element-2f94f00a elementor-section-boxed elementor-section-height-default elementor-section-height-default\" data-id=\"2f94f00a\" data-element_type=\"section\" data-e-type=\"section\">\n\t\t\t\t\t\t<div class=\"elementor-container elementor-column-gap-default\">\n\t\t\t\t\t<div class=\"elementor-column elementor-col-100 elementor-top-column elementor-element elementor-element-5d074148\" data-id=\"5d074148\" data-element_type=\"column\" data-e-type=\"column\">\n\t\t\t<div class=\"elementor-widget-wrap elementor-element-populated\">\n\t\t\t\t\t\t<div class=\"elementor-element elementor-element-531d334a elementor-widget elementor-widget-text-editor\" data-id=\"531d334a\" data-element_type=\"widget\" data-e-type=\"widget\" data-widget_type=\"text-editor.default\">\n\t\t\t\t<div class=\"elementor-widget-container\">\n\t\t\t\t\t\t\t\t\t\n<h3 class=\"wp-block-heading\">\u2709\ufe0f Request your free, personalised quote for a trip to India<\/h3>\n\n<p>Do you dream of living a <strong>voyage sur <a href=\"https:\/\/fardestinationstours.com\/en\/travel-in-inde-2\/travel-in-inde\/\">mesure <\/a>en Inde<\/strong> ? Whether you want to discover the palaces of Rajasthan, the verdant landscapes of Kerala or the sacred temples of Tamil Nadu, our <strong>local French-speaking agency<\/strong> to help you create a <strong>a unique and personalised experience<\/strong>.<\/p>\n\n<p>Thanks to our in-depth knowledge of the field, we can work with you to build a <strong>100 % itinerary tailored to your needs<\/strong>at your own pace and budget. Whether as a family, a couple, friends or solo, each trip is designed as an exclusive adventure, combining authenticity, comfort and discovery.<\/p>\n\n<p>\u2705 What your quote includes :<\/p>\n\n<ul class=\"wp-block-list\">\n<li>Itinerary tailored to your interests<\/li>\n\n<li>Selection of adapted accommodation<\/li>\n\n<li>Transport with private driver<\/li>\n\n<li>Personalised activities and experiences<\/li>\n\n<li>Practical advice before you leave<\/li>\n<\/ul>\n\n<p>\ud83d\udce9 <strong>Receive your quote in less than 48 hours<\/strong>with no obligation! Simply fill in our form with your requirements (destinations, duration, budget, areas of interest) and a French-speaking advisor will get back to you as soon as possible.<\/p>\n\n<p>At Far Destinations Tours, every request is treated with care, in a human, responsive and transparent approach. Our priority: to offer you <strong>the best of India, according to your wishes<\/strong>.<\/p>\n<hr class=\"wp-block-separator has-alpha-channel-opacity\" \/>\n<p>\ud83d\udc49 <strong>Take the first step towards an unforgettable journey<\/strong> ask now <strong>your free, personalised quote<\/strong> for a tailor-made trip to India.<\/p>\n<form id=\"form-devis\" style=\"max-width: 700px; margin: auto;\" action=\"#\" method=\"post\" data-trp-original-action=\"#\">\n<h2>Ask for your personalised quote<\/h2>\n<p><label for=\"nom\">Your name *<\/label><br \/><input id=\"nom\" name=\"nom\" required=\"\" type=\"text\" \/><br \/><label for=\"email\">Your e-mail address *<\/label><br \/><input id=\"email\" name=\"email\" required=\"\" type=\"email\" \/><br \/><label for=\"telephone\">Your telephone<\/label><br \/><input id=\"telephone\" name=\"telephone\" type=\"tel\" \/><br \/><label for=\"destination\">Desired destination<\/label><br \/><input id=\"destination\" name=\"destination\" required=\"\" type=\"text\" \/><br \/><label for=\"periode\">Travel period (approximate)<\/label><br \/><input id=\"periode\" name=\"periode\" type=\"text\" \/><br \/><label for=\"participants\">Number of participants *<\/label><br \/><select id=\"participants\" name=\"participants\" required=\"\">\n<option value=\"\">Select<\/option>\n<option value=\"1 personne\">1 person<\/option>\n<option value=\"2 personnes\">for 2 people<\/option>\n<option value=\"3 \u00e0 5 personnes\">3 to 5 people<\/option>\n<option value=\"6 personnes et plus\">6 people or more<\/option>\n<\/select><br \/><label for=\"budget\">Budget per person (\u20ac)<\/label><br \/><input id=\"budget\" name=\"budget\" type=\"text\" \/><br \/><label for=\"message\">Describe your travel plans *<\/label><br \/><textarea id=\"message\" name=\"message\" required=\"\" rows=\"6\" placeholder=\"Tell us about your wishes, expectations and ideas...\"><\/textarea><br \/><button type=\"submit\">Send my request<\/button><\/p>\n<input type=\"hidden\" name=\"trp-form-language\" value=\"en\"\/><\/form>\t\t\t\t\t\t\t\t<\/div>\n\t\t\t\t<\/div>\n\t\t\t\t\t<\/div>\n\t\t<\/div>\n\t\t\t\t\t<\/div>\n\t\t<\/section>\n\t\t\t\t<\/div>","protected":false},"excerpt":{"rendered":"<p>\u2709\ufe0f Demandez votre devis gratuit et personnalis\u00e9 pour un voyage en Inde Vous r\u00eavez de vivre un voyage sur mesure en Inde ? Que vous souhaitiez d\u00e9couvrir les palais du Rajasthan, les paysages verdoyants du Kerala ou les temples sacr\u00e9s du Tamil Nadu, notre agence locale francophone vous accompagne pour cr\u00e9er une exp\u00e9rience unique et [&hellip;]<\/p>\n","protected":false},"author":2,"featured_media":0,"parent":0,"menu_order":0,"comment_status":"closed","ping_status":"closed","template":"","meta":{"inline_featured_image":false,"footnotes":""},"class_list":["post-29506","page","type-page","status-publish","hentry"],"yoast_head":"<!-- This site is optimized with the Yoast SEO Premium plugin v19.2.1 (Yoast SEO v27.2) - https:\/\/yoast.com\/product\/yoast-seo-premium-wordpress\/ -->\n<title>Demandez Devis gratuit<\/title>\n<meta name=\"description\" content=\"Demandez un devis gratuit Pour r\u00e9aliser vos voyages sur mesure,devis gratuit personalis\u00e9 que \u00e7a soit individuel ou en petit groupe,en famille.\" \/>\n<meta name=\"robots\" content=\"index, follow, max-snippet:-1, max-image-preview:large, max-video-preview:-1\" \/>\n<link rel=\"canonical\" href=\"https:\/\/fardestinationstours.com\/en\/contact-3\/\" \/>\n<meta property=\"og:locale\" content=\"en_GB\" \/>\n<meta property=\"og:type\" content=\"article\" \/>\n<meta property=\"og:title\" content=\"Contact \/ Devis\" \/>\n<meta property=\"og:description\" content=\"Demandez un devis gratuit Pour r\u00e9aliser vos voyages sur mesure,devis gratuit personalis\u00e9 que \u00e7a soit individuel ou en petit groupe,en famille.\" \/>\n<meta property=\"og:url\" content=\"https:\/\/fardestinationstours.com\/en\/contact-3\/\" \/>\n<meta property=\"og:site_name\" content=\"Far Destinations tours\" \/>\n<meta property=\"article:modified_time\" content=\"2025-12-13T15:04:43+00:00\" \/>\n<meta name=\"twitter:card\" content=\"summary_large_image\" \/>\n<meta name=\"twitter:label1\" content=\"Estimated reading time\" \/>\n\t<meta name=\"twitter:data1\" content=\"2 minutes\" \/>\n<script type=\"application\/ld+json\" class=\"yoast-schema-graph\">{\"@context\":\"https:\/\/schema.org\",\"@graph\":[{\"@type\":\"WebPage\",\"@id\":\"https:\/\/fardestinationstours.com\/devis-sur-mesure-gratuit\/\",\"url\":\"https:\/\/fardestinationstours.com\/devis-sur-mesure-gratuit\/\",\"name\":\"Demandez Devis gratuit\",\"isPartOf\":{\"@id\":\"https:\/\/fardestinationstours.com\/#website\"},\"datePublished\":\"2025-05-06T18:08:27+00:00\",\"dateModified\":\"2025-12-13T15:04:43+00:00\",\"description\":\"Demandez un devis gratuit Pour r\u00e9aliser vos voyages sur mesure,devis gratuit personalis\u00e9 que \u00e7a soit individuel ou en petit groupe,en famille.\",\"breadcrumb\":{\"@id\":\"https:\/\/fardestinationstours.com\/devis-sur-mesure-gratuit\/#breadcrumb\"},\"inLanguage\":\"en-GB\",\"potentialAction\":[{\"@type\":\"ReadAction\",\"target\":[\"https:\/\/fardestinationstours.com\/devis-sur-mesure-gratuit\/\"]}]},{\"@type\":\"BreadcrumbList\",\"@id\":\"https:\/\/fardestinationstours.com\/devis-sur-mesure-gratuit\/#breadcrumb\",\"itemListElement\":[{\"@type\":\"ListItem\",\"position\":1,\"name\":\"Home\",\"item\":\"https:\/\/fardestinationstours.com\/\"},{\"@type\":\"ListItem\",\"position\":2,\"name\":\"Contact \/ Devis\"}]},{\"@type\":\"WebSite\",\"@id\":\"https:\/\/fardestinationstours.com\/#website\",\"url\":\"https:\/\/fardestinationstours.com\/\",\"name\":\"Far Destinations tours\",\"description\":\"Partir \u00e0 la d\u00e9couverte du monde !\",\"publisher\":{\"@id\":\"https:\/\/fardestinationstours.com\/#organization\"},\"potentialAction\":[{\"@type\":\"SearchAction\",\"target\":{\"@type\":\"EntryPoint\",\"urlTemplate\":\"https:\/\/fardestinationstours.com\/?s={search_term_string}\"},\"query-input\":{\"@type\":\"PropertyValueSpecification\",\"valueRequired\":true,\"valueName\":\"search_term_string\"}}],\"inLanguage\":\"en-GB\"},{\"@type\":\"Organization\",\"@id\":\"https:\/\/fardestinationstours.com\/#organization\",\"name\":\"Far Destinations tours\",\"url\":\"https:\/\/fardestinationstours.com\/\",\"logo\":{\"@type\":\"ImageObject\",\"inLanguage\":\"en-GB\",\"@id\":\"https:\/\/fardestinationstours.com\/#\/schema\/logo\/image\/\",\"url\":\"https:\/\/fardestinationstours.com\/wp-content\/uploads\/2023\/06\/cropped-logo-fdt-jpg.png\",\"contentUrl\":\"https:\/\/fardestinationstours.com\/wp-content\/uploads\/2023\/06\/cropped-logo-fdt-jpg.png\",\"width\":460,\"height\":413,\"caption\":\"Far Destinations tours\"},\"image\":{\"@id\":\"https:\/\/fardestinationstours.com\/#\/schema\/logo\/image\/\"}}]}<\/script>\n<!-- \/ Yoast SEO Premium plugin. -->","yoast_head_json":{"title":"Request a free quote","description":"Ask for a free quote For tailor-made trips, a free personalised quote for individuals, small groups and families.","robots":{"index":"index","follow":"follow","max-snippet":"max-snippet:-1","max-image-preview":"max-image-preview:large","max-video-preview":"max-video-preview:-1"},"canonical":"https:\/\/fardestinationstours.com\/en\/contact-3\/","og_locale":"en_GB","og_type":"article","og_title":"Contact \/ Devis","og_description":"Demandez un devis gratuit Pour r\u00e9aliser vos voyages sur mesure,devis gratuit personalis\u00e9 que \u00e7a soit individuel ou en petit groupe,en famille.","og_url":"https:\/\/fardestinationstours.com\/en\/contact-3\/","og_site_name":"Far Destinations tours","article_modified_time":"2025-12-13T15:04:43+00:00","twitter_card":"summary_large_image","twitter_misc":{"Estimated reading time":"2 minutes"},"schema":{"@context":"https:\/\/schema.org","@graph":[{"@type":"WebPage","@id":"https:\/\/fardestinationstours.com\/devis-sur-mesure-gratuit\/","url":"https:\/\/fardestinationstours.com\/devis-sur-mesure-gratuit\/","name":"Request a free quote","isPartOf":{"@id":"https:\/\/fardestinationstours.com\/#website"},"datePublished":"2025-05-06T18:08:27+00:00","dateModified":"2025-12-13T15:04:43+00:00","description":"Ask for a free quote For tailor-made trips, a free personalised quote for individuals, small groups and families.","breadcrumb":{"@id":"https:\/\/fardestinationstours.com\/devis-sur-mesure-gratuit\/#breadcrumb"},"inLanguage":"en-GB","potentialAction":[{"@type":"ReadAction","target":["https:\/\/fardestinationstours.com\/devis-sur-mesure-gratuit\/"]}]},{"@type":"BreadcrumbList","@id":"https:\/\/fardestinationstours.com\/devis-sur-mesure-gratuit\/#breadcrumb","itemListElement":[{"@type":"ListItem","position":1,"name":"Home","item":"https:\/\/fardestinationstours.com\/"},{"@type":"ListItem","position":2,"name":"Contact \/ Devis"}]},{"@type":"WebSite","@id":"https:\/\/fardestinationstours.com\/#website","url":"https:\/\/fardestinationstours.com\/","name":"Far Destinations tours","description":"Discover the world!","publisher":{"@id":"https:\/\/fardestinationstours.com\/#organization"},"potentialAction":[{"@type":"SearchAction","target":{"@type":"EntryPoint","urlTemplate":"https:\/\/fardestinationstours.com\/?s={search_term_string}"},"query-input":{"@type":"PropertyValueSpecification","valueRequired":true,"valueName":"search_term_string"}}],"inLanguage":"en-GB"},{"@type":"Organization","@id":"https:\/\/fardestinationstours.com\/#organization","name":"Far Destinations tours","url":"https:\/\/fardestinationstours.com\/","logo":{"@type":"ImageObject","inLanguage":"en-GB","@id":"https:\/\/fardestinationstours.com\/#\/schema\/logo\/image\/","url":"https:\/\/fardestinationstours.com\/wp-content\/uploads\/2023\/06\/cropped-logo-fdt-jpg.png","contentUrl":"https:\/\/fardestinationstours.com\/wp-content\/uploads\/2023\/06\/cropped-logo-fdt-jpg.png","width":460,"height":413,"caption":"Far Destinations tours"},"image":{"@id":"https:\/\/fardestinationstours.com\/#\/schema\/logo\/image\/"}}]}},"_links":{"self":[{"href":"https:\/\/fardestinationstours.com\/en\/wp-json\/wp\/v2\/pages\/29506","targetHints":{"allow":["GET"]}}],"collection":[{"href":"https:\/\/fardestinationstours.com\/en\/wp-json\/wp\/v2\/pages"}],"about":[{"href":"https:\/\/fardestinationstours.com\/en\/wp-json\/wp\/v2\/types\/page"}],"author":[{"embeddable":true,"href":"https:\/\/fardestinationstours.com\/en\/wp-json\/wp\/v2\/users\/2"}],"replies":[{"embeddable":true,"href":"https:\/\/fardestinationstours.com\/en\/wp-json\/wp\/v2\/comments?post=29506"}],"version-history":[{"count":11,"href":"https:\/\/fardestinationstours.com\/en\/wp-json\/wp\/v2\/pages\/29506\/revisions"}],"predecessor-version":[{"id":30259,"href":"https:\/\/fardestinationstours.com\/en\/wp-json\/wp\/v2\/pages\/29506\/revisions\/30259"}],"wp:attachment":[{"href":"https:\/\/fardestinationstours.com\/en\/wp-json\/wp\/v2\/media?parent=29506"}],"curies":[{"name":"wp","href":"https:\/\/api.w.org\/{rel}","templated":true}]}}