{"id":29863,"date":"2025-05-17T13:43:05","date_gmt":"2025-05-17T11:43:05","guid":{"rendered":"https:\/\/fardestinationstours.com\/?page_id=29863"},"modified":"2025-05-19T18:49:27","modified_gmt":"2025-05-19T16:49:27","slug":"voyage-inde-sur-mesure","status":"publish","type":"page","link":"https:\/\/fardestinationstours.com\/en\/travel-in-inde-2\/travel-in-inde\/29863-2\/","title":{"rendered":"Travel India:Major Indian megacities"},"content":{"rendered":"<h2 class=\"wp-block-heading\"><a href=\"https:\/\/web.archive.org\/web\/20160901153555\/http:\/fardestinationstours.com\/voyage-sur-mesure\/voyage-inde\/voyage-a-travers-linde\/69-grandes-megalopoles-indiennes-22-jours-21-nuits.html\">Grand Megalo circuit<\/a><a href=\"https:\/\/fardestinationstours.com\/en\/voyage-sur-mesure\/\">Indian poles ( 22 days \/ 21 nights)<\/a><\/h2>\n\n\n\n<p><strong><a href=\"https:\/\/fr.wikipedia.org\/wiki\/Inde\">India <\/a><\/strong>is the second most populous country in the world, and for several years now, in addition to its cultural treasures, it has been adding impressive technological riches. On this tour, you'll discover India's great megacities, which are similar only in title, and which will take you on a journey through cultures, traditions and worlds that are totally different from one another. An incredible and unforgettable experience in the heart of the greatest jewels of modern India.<\/p>\n\n\n\n<p><br>Itinerary: Delhi-Agra-Fathepur Sikri-Jaipur-Calcutta-Bangalore-Mysore-Hampi-Goa-Mumbai-Chennai-Chochin<br><strong>Day 1 France \/ Delhi<\/strong><br>Depart France with a flight to Delhi. Arrival at Indira Gandhi International Airport in Delhi. Typical welcome with a flower necklace and transfer to the hotel. Overnight at the hotel.<br><strong>Day 2 Delhi<\/strong><br>After breakfast, you will set off to explore Old and New Delhi. You will visit the most important and significant places in the Indian capital. During the day, you will admire the Gate of India, a monument to the soldiers who gave their lives in the First World War. You can also visit the Humanyo Tomb, a magnificent example of Mughal architecture. The largest and most impressive mosque in India: Jama Masjid. You will then set off to discover the new Delhi with the Raj Ghat, where you will find the memorial to Gandhi, the father of the nation. You will be able to contemplate the Qutub Minar, also known as the Victory Tower, which remains the tallest tower in India and the third tallest in the world. Finally, you'll head to the Connaught district, which is characterised by its lively, modern feel. Here you can see the Presidential Palace, Parliament and the country's other institutions. Lunch during the visits. At the end of the day, dinner and overnight at the hotel.<br><strong>Day 3 Delhi \/ Agra<\/strong><br>After breakfast, departure for Agra. Lunch en route. Arrive and check into hotel by mid-afternoon. At the end of the day you will visit the Red Fort. It is the largest in India. It was built in 1573 and took 8 years to complete. Dinner and overnight at the hotel.<br><strong>Day 4 Agra \/ Fatehpur Sikri \/ Jaipur<\/strong><br>After breakfast and very early in the morning, visit the Taj Mahal at sunrise. The Taj Mahal is one of the New 7 Wonders of the World. This white marble memorial was built by Cha Jahan for his beautiful wife Mumtaz Mahal. It took 22 years to build. There is much to say about the Taj Mahal, particularly about its perfectly symmetrical architecture. Then off to Jaipur, the pink city and capital of Rajasthan. On the way, visit Fatehpur Sikri. Fatehpur Sikri is a ghost town. Built of red stone by the emperor Akbar, it was the capital of his empire in the 16th century. You will also visit the great gate of Bulund Darwaza. At 54m high, it is the tallest gate in the world. It has inspired many other monuments. Lunch en route. Arrive in Jaipur at the end of the day and take a rickshaw ride to explore the city and its markets. Dinner and overnight at the hotel.<br><strong>Day 5 Jaipur \/ Amber \/ Jaipur<\/strong><br>After breakfast, you will set off to discover the impressive Amber Fortress outside the city. At the foot of the hill, you will begin a slow but leisurely elephant ride up to the main gate. You will then visit this magnificent site, built in the 12th century. Return to Jaipur and lunch in town. In the afternoon you will visit the key monuments of the Pink City. You will discover the City Palace, which is still the home of the Maharadja, which is why some areas are not open to the public. However, you will visit the most interesting ones. You will also visit its museum, which exhibits many antiques that belonged to the ruling family. Then you will discover Hawa Mahal, better known as the Palace of the Winds, which is the most famous in Jaipur. Finally, you will discover Jantar Mantar, Jaipur's great astronomical observatory. You will be impressed by the size of its astronomical instruments. Dinner and overnight at the hotel.<br><strong>Day 6 Jaipur \/ Calcutta (Flight)<\/strong><br>After breakfast, and depending on your flight time, transfer to Jaipur airport for a flight to Calcutta. Arrival and welcome at the airport. Check-in at the hotel and end of the day at leisure. Lunch depending on your flight time. Dinner and overnight at the hotel.<br><strong>Day 7 Calcutta<\/strong><br>After breakfast, the day will be devoted to visiting the City of Joy. You will visit its museums and gardens. Along the way, you will discover Calcutta's stunning architecture, which reflects the ancient presence of British culture through its buldings. You will also visit the Indian Museum and the magnificent Marble Palace. Lunch during the visits. Dinner and overnight at the hotel.<br><strong>Day 8 Calcutta \/ Bangalore (Flight)<\/strong><br>After breakfast, and depending on your flight time, transfer to Calcutta International Airport for a flight to Bangalore. Arrival and welcome at the airport. Lunch depending on your flight time. Check-in at the hotel and end of the day free to visit some of the city's tourist attractions. Dinner and overnight at the hotel.<br><strong>Day 9 Bangalore<\/strong><br>After breakfast visit Vidhan Soudha, a complex with wonderful specimens of neo-Dravidian architecture. You will also visit Lal Bagh, the Bangalore Palace, one of the most generously ornamented and carved palaces in Bangalore. The ISKCON Temple, home to the magnificent statue of Shiva. The Venkattapa Art Gallery, home to some 600 paintings, all unique and captivating. Lunch during the visits. Dinner and overnight at the hotel.<br><strong>Day 10 Bangalore \/ Mysore<\/strong><br>After breakfast, departure for Mysore. Arrive and visit the city. You will discover one of the most extraordinary markets in South India and visit the palace of the Maharadja of Mysore, built in the early 20th century. Lunch during the visits. Afternoon excursion to Srigangapatnam: the fort, temples and summer palace of Sultan Tippu. Dinner and overnight at the hotel.<br><strong>Day 11 Mysore \/ Hampi<\/strong><br>After breakfast, departure for Hampi. A long day's drive through the Indian countryside, where you will be able to contemplate scenes of daily life. Arrive in Hampi at the end of the day and check into your hotel. Dinner and overnight at the hotel.<br><strong>Day 12 Hampi<\/strong><br>After breakfast, visit the Virupaksha Temple, one of the earliest buildings dedicated to Virupaksha. To the south of the Virupaksha Temple, you will visit the first ruins of the Jain temples. You will also discover the Vithala Temple, a world heritage monument featuring fantastic architectural work dating back to the time of the Vijayannagar Empire. You will also see the statue of Shivalinga, Lotus Mahal and the Temple of Hazara Rama. Return to the hotel at the end of the day. Dinner and overnight at the hotel.<br><strong>Day 13 Hampi \/ Goa (Flight)<\/strong><br>After breakfast, and depending on your flight time, transfer to the airport for a flight to Goa. Arrival, welcome and transfer to the hotel. Lunch depending on your flight time. Depending on your arrival time, free time. Dinner and overnight at the hotel.<br><strong>Day 14 Goa<\/strong><br>After breakfast, visit the city of Goa, a former Portuguese colony. You will discover the most interesting tourist sites. These include old churches, cathedrals, forts, markets, museums and art galleries. Lunch during the visits. Dinner and overnight at the hotel.<br><strong>Day 15 Goa<\/strong><br>After breakfast the day is free for shopping, the beach or other activities. Lunch during the day. Dinner and overnight at the hotel.<br><strong>Day 16 Goa \/ Mumbai (Flight)<\/strong><br>After breakfast, and depending on your flight time, transfer to the airport for a flight to Mumbai. Arrival, welcome and transfer to the hotel. Lunch depending on your flight time. Free time. Dinner and overnight at the hotel.<br><strong>Day 17 Mumbai<\/strong><br>After breakfast, visit the city of Mumbai, the city of passions. This city will truly amaze you with its diverse culture, its fashion, its people and of course Bollywood... You will discover Chowpatt and Juhu Beach, the Navy and the Gateway to India. Lunch during the visits. Dinner and overnight at the hotel.<br><strong>Day 18 Mumbai \/ Chennai<\/strong><br>After breakfast, and depending on your flight time, transfer to the airport for a flight to Chennai. Lunch depending on your flight time. Arrival in Chennai, welcome and transfer to the hotel. Free time. Dinner and overnight at the hotel.<br><strong>Day 19 Chennai<\/strong><br>After breakfast you will set off to discover Chennai, also known as Madras. Also a major Indian city, Chennai is a seaport with the longest beach in the world. But it is also a culturally and architecturally rich city that you will discover over the course of the day. Let yourself be captivated by the Indian cuisine and Carnatic music for which this pleasant capital of Tamil Nadu is famous.<br><strong>Day 20 Chennai \/ Cochin (Flight)<\/strong><br>After breakfast and depending on your flight time, transfer to the airport for a flight to Cochin. Lunch depending on your flight time. Arrival, welcome and transfer to the hotel. Free time. Dinner and overnight at the hotel<br><strong>Day 21 Cochin<\/strong><br>After breakfast you will discover the historic city, the gateway to the West in South India, founded in the 16th century by Vasco da Gama, and long a hub of the spice trade. You will also visit the colonial quarters on the seafront, the fishermen's houses with their strange Chinese nets, and the San Francisco church. Lunch during the visits. In the evening, you will be treated to a performance of traditional Kerala Kathakali dances. Seafood dinner and overnight at the hotel.<br><strong>Day 22 Cochin \/ France<\/strong><br>After breakfast at your hotel, and depending on your flight time, transfer to the airport for an international flight to France. End of our services. Arrival in France<\/p>","protected":false},"excerpt":{"rendered":"<p>Circuit grandes M\u00e9galopoles indiennes ( 22 jours\/ 21 nuits) L\u2019Inde se place au rang du deuxi\u00e8me pays le plus peupl\u00e9 du monde et depuis maintenant plusieurs ann\u00e9es, en plus de ses tr\u00e9sors culturels, viennent s\u2019ajouter des richesses technologiques impressionnantes. Au cours de ce circuit vous d\u00e9couvrirez les grandes m\u00e9galopoles indiennes qui n\u2019ont de semblable que [&hellip;]<\/p>\n","protected":false},"author":2,"featured_media":0,"parent":29432,"menu_order":0,"comment_status":"closed","ping_status":"closed","template":"","meta":{"inline_featured_image":false,"footnotes":""},"class_list":["post-29863","page","type-page","status-publish","hentry"],"yoast_head":"<!-- This site is optimized with the Yoast SEO Premium plugin v19.2.1 (Yoast SEO v27.2) - https:\/\/yoast.com\/product\/yoast-seo-premium-wordpress\/ -->\n<title>Voyage Inde:grandes M\u00e9galopoles indiennes - Far Destinations tours<\/title>\n<meta name=\"description\" content=\"Voyage Inde : sur mesure \u00e0 votre guise inde du sud au inde du nord et du rajasthan \u00e0 Kolkotta l&#039;east de l&#039;Inde le grandes M\u00e9galopoles.\" \/>\n<meta name=\"robots\" content=\"index, follow, max-snippet:-1, max-image-preview:large, max-video-preview:-1\" \/>\n<link rel=\"canonical\" href=\"https:\/\/fardestinationstours.com\/en\/travel-in-inde-2\/travel-in-inde\/29863-2\/\" \/>\n<meta property=\"og:locale\" content=\"en_GB\" \/>\n<meta property=\"og:type\" content=\"article\" \/>\n<meta property=\"og:title\" content=\"Voyage Inde:grandes M\u00e9galopoles indiennes\" \/>\n<meta property=\"og:description\" content=\"Voyage Inde : sur mesure \u00e0 votre guise inde du sud au inde du nord et du rajasthan \u00e0 Kolkotta l&#039;east de l&#039;Inde le grandes M\u00e9galopoles.\" \/>\n<meta property=\"og:url\" content=\"https:\/\/fardestinationstours.com\/en\/travel-in-inde-2\/travel-in-inde\/29863-2\/\" \/>\n<meta property=\"og:site_name\" content=\"Far Destinations tours\" \/>\n<meta property=\"article:modified_time\" content=\"2025-05-19T16:49:27+00:00\" \/>\n<meta name=\"twitter:card\" content=\"summary_large_image\" \/>\n<meta name=\"twitter:label1\" content=\"Estimated reading time\" \/>\n\t<meta name=\"twitter:data1\" content=\"9 minutes\" \/>\n<script type=\"application\/ld+json\" class=\"yoast-schema-graph\">{\"@context\":\"https:\/\/schema.org\",\"@graph\":[{\"@type\":\"WebPage\",\"@id\":\"https:\/\/fardestinationstours.com\/voyage-en-inde\/circuits-nord-sud-rajasthan-kerala\/voyage-inde-sur-mesure\/\",\"url\":\"https:\/\/fardestinationstours.com\/voyage-en-inde\/circuits-nord-sud-rajasthan-kerala\/voyage-inde-sur-mesure\/\",\"name\":\"Voyage Inde:grandes M\u00e9galopoles indiennes - Far Destinations tours\",\"isPartOf\":{\"@id\":\"https:\/\/fardestinationstours.com\/#website\"},\"datePublished\":\"2025-05-17T11:43:05+00:00\",\"dateModified\":\"2025-05-19T16:49:27+00:00\",\"description\":\"Voyage Inde : sur mesure \u00e0 votre guise inde du sud au inde du nord et du rajasthan \u00e0 Kolkotta l'east de l'Inde le grandes M\u00e9galopoles.\",\"breadcrumb\":{\"@id\":\"https:\/\/fardestinationstours.com\/voyage-en-inde\/circuits-nord-sud-rajasthan-kerala\/voyage-inde-sur-mesure\/#breadcrumb\"},\"inLanguage\":\"en-GB\",\"potentialAction\":[{\"@type\":\"ReadAction\",\"target\":[\"https:\/\/fardestinationstours.com\/voyage-en-inde\/circuits-nord-sud-rajasthan-kerala\/voyage-inde-sur-mesure\/\"]}]},{\"@type\":\"BreadcrumbList\",\"@id\":\"https:\/\/fardestinationstours.com\/voyage-en-inde\/circuits-nord-sud-rajasthan-kerala\/voyage-inde-sur-mesure\/#breadcrumb\",\"itemListElement\":[{\"@type\":\"ListItem\",\"position\":1,\"name\":\"Home\",\"item\":\"https:\/\/fardestinationstours.com\/\"},{\"@type\":\"ListItem\",\"position\":2,\"name\":\"voyage en Inde:\",\"item\":\"https:\/\/fardestinationstours.com\/voyage-en-inde\/\"},{\"@type\":\"ListItem\",\"position\":3,\"name\":\"Voyage en Inde\",\"item\":\"https:\/\/fardestinationstours.com\/voyage-en-inde\/circuits-nord-sud-rajasthan-kerala\/\"},{\"@type\":\"ListItem\",\"position\":4,\"name\":\"Voyage Inde:grandes M\u00e9galopoles indiennes\"}]},{\"@type\":\"WebSite\",\"@id\":\"https:\/\/fardestinationstours.com\/#website\",\"url\":\"https:\/\/fardestinationstours.com\/\",\"name\":\"Far Destinations tours\",\"description\":\"Partir \u00e0 la d\u00e9couverte du monde !\",\"publisher\":{\"@id\":\"https:\/\/fardestinationstours.com\/#organization\"},\"potentialAction\":[{\"@type\":\"SearchAction\",\"target\":{\"@type\":\"EntryPoint\",\"urlTemplate\":\"https:\/\/fardestinationstours.com\/?s={search_term_string}\"},\"query-input\":{\"@type\":\"PropertyValueSpecification\",\"valueRequired\":true,\"valueName\":\"search_term_string\"}}],\"inLanguage\":\"en-GB\"},{\"@type\":\"Organization\",\"@id\":\"https:\/\/fardestinationstours.com\/#organization\",\"name\":\"Far Destinations tours\",\"url\":\"https:\/\/fardestinationstours.com\/\",\"logo\":{\"@type\":\"ImageObject\",\"inLanguage\":\"en-GB\",\"@id\":\"https:\/\/fardestinationstours.com\/#\/schema\/logo\/image\/\",\"url\":\"https:\/\/fardestinationstours.com\/wp-content\/uploads\/2023\/06\/cropped-logo-fdt-jpg.png\",\"contentUrl\":\"https:\/\/fardestinationstours.com\/wp-content\/uploads\/2023\/06\/cropped-logo-fdt-jpg.png\",\"width\":460,\"height\":413,\"caption\":\"Far Destinations tours\"},\"image\":{\"@id\":\"https:\/\/fardestinationstours.com\/#\/schema\/logo\/image\/\"}}]}<\/script>\n<!-- \/ Yoast SEO Premium plugin. -->","yoast_head_json":{"title":"Travel India:Major Indian cities - Far Destinations tours","description":"Travel India: tailor-made to suit you south india to north india and rajasthan to Kolkotta east india the great megacities.","robots":{"index":"index","follow":"follow","max-snippet":"max-snippet:-1","max-image-preview":"max-image-preview:large","max-video-preview":"max-video-preview:-1"},"canonical":"https:\/\/fardestinationstours.com\/en\/travel-in-inde-2\/travel-in-inde\/29863-2\/","og_locale":"en_GB","og_type":"article","og_title":"Voyage Inde:grandes M\u00e9galopoles indiennes","og_description":"Voyage Inde : sur mesure \u00e0 votre guise inde du sud au inde du nord et du rajasthan \u00e0 Kolkotta l'east de l'Inde le grandes M\u00e9galopoles.","og_url":"https:\/\/fardestinationstours.com\/en\/travel-in-inde-2\/travel-in-inde\/29863-2\/","og_site_name":"Far Destinations tours","article_modified_time":"2025-05-19T16:49:27+00:00","twitter_card":"summary_large_image","twitter_misc":{"Estimated reading time":"9 minutes"},"schema":{"@context":"https:\/\/schema.org","@graph":[{"@type":"WebPage","@id":"https:\/\/fardestinationstours.com\/voyage-en-inde\/circuits-nord-sud-rajasthan-kerala\/voyage-inde-sur-mesure\/","url":"https:\/\/fardestinationstours.com\/voyage-en-inde\/circuits-nord-sud-rajasthan-kerala\/voyage-inde-sur-mesure\/","name":"Travel India:Major Indian cities - Far Destinations tours","isPartOf":{"@id":"https:\/\/fardestinationstours.com\/#website"},"datePublished":"2025-05-17T11:43:05+00:00","dateModified":"2025-05-19T16:49:27+00:00","description":"Travel India: tailor-made to suit you south india to north india and rajasthan to Kolkotta east india the great megacities.","breadcrumb":{"@id":"https:\/\/fardestinationstours.com\/voyage-en-inde\/circuits-nord-sud-rajasthan-kerala\/voyage-inde-sur-mesure\/#breadcrumb"},"inLanguage":"en-GB","potentialAction":[{"@type":"ReadAction","target":["https:\/\/fardestinationstours.com\/voyage-en-inde\/circuits-nord-sud-rajasthan-kerala\/voyage-inde-sur-mesure\/"]}]},{"@type":"BreadcrumbList","@id":"https:\/\/fardestinationstours.com\/voyage-en-inde\/circuits-nord-sud-rajasthan-kerala\/voyage-inde-sur-mesure\/#breadcrumb","itemListElement":[{"@type":"ListItem","position":1,"name":"Home","item":"https:\/\/fardestinationstours.com\/"},{"@type":"ListItem","position":2,"name":"voyage en Inde:","item":"https:\/\/fardestinationstours.com\/voyage-en-inde\/"},{"@type":"ListItem","position":3,"name":"Voyage en Inde","item":"https:\/\/fardestinationstours.com\/voyage-en-inde\/circuits-nord-sud-rajasthan-kerala\/"},{"@type":"ListItem","position":4,"name":"Voyage Inde:grandes M\u00e9galopoles indiennes"}]},{"@type":"WebSite","@id":"https:\/\/fardestinationstours.com\/#website","url":"https:\/\/fardestinationstours.com\/","name":"Far Destinations tours","description":"Discover the world!","publisher":{"@id":"https:\/\/fardestinationstours.com\/#organization"},"potentialAction":[{"@type":"SearchAction","target":{"@type":"EntryPoint","urlTemplate":"https:\/\/fardestinationstours.com\/?s={search_term_string}"},"query-input":{"@type":"PropertyValueSpecification","valueRequired":true,"valueName":"search_term_string"}}],"inLanguage":"en-GB"},{"@type":"Organization","@id":"https:\/\/fardestinationstours.com\/#organization","name":"Far Destinations tours","url":"https:\/\/fardestinationstours.com\/","logo":{"@type":"ImageObject","inLanguage":"en-GB","@id":"https:\/\/fardestinationstours.com\/#\/schema\/logo\/image\/","url":"https:\/\/fardestinationstours.com\/wp-content\/uploads\/2023\/06\/cropped-logo-fdt-jpg.png","contentUrl":"https:\/\/fardestinationstours.com\/wp-content\/uploads\/2023\/06\/cropped-logo-fdt-jpg.png","width":460,"height":413,"caption":"Far Destinations tours"},"image":{"@id":"https:\/\/fardestinationstours.com\/#\/schema\/logo\/image\/"}}]}},"_links":{"self":[{"href":"https:\/\/fardestinationstours.com\/en\/wp-json\/wp\/v2\/pages\/29863","targetHints":{"allow":["GET"]}}],"collection":[{"href":"https:\/\/fardestinationstours.com\/en\/wp-json\/wp\/v2\/pages"}],"about":[{"href":"https:\/\/fardestinationstours.com\/en\/wp-json\/wp\/v2\/types\/page"}],"author":[{"embeddable":true,"href":"https:\/\/fardestinationstours.com\/en\/wp-json\/wp\/v2\/users\/2"}],"replies":[{"embeddable":true,"href":"https:\/\/fardestinationstours.com\/en\/wp-json\/wp\/v2\/comments?post=29863"}],"version-history":[{"count":5,"href":"https:\/\/fardestinationstours.com\/en\/wp-json\/wp\/v2\/pages\/29863\/revisions"}],"predecessor-version":[{"id":30239,"href":"https:\/\/fardestinationstours.com\/en\/wp-json\/wp\/v2\/pages\/29863\/revisions\/30239"}],"up":[{"embeddable":true,"href":"https:\/\/fardestinationstours.com\/en\/wp-json\/wp\/v2\/pages\/29432"}],"wp:attachment":[{"href":"https:\/\/fardestinationstours.com\/en\/wp-json\/wp\/v2\/media?parent=29863"}],"curies":[{"name":"wp","href":"https:\/\/api.w.org\/{rel}","templated":true}]}}