{"id":29877,"date":"2025-05-17T13:58:40","date_gmt":"2025-05-17T11:58:40","guid":{"rendered":"https:\/\/fardestinationstours.com\/?page_id=29877"},"modified":"2025-05-17T13:58:41","modified_gmt":"2025-05-17T11:58:41","slug":"voyage-au-nepal","status":"publish","type":"page","link":"https:\/\/fardestinationstours.com\/en\/voyage-au-nepal\/","title":{"rendered":"Trip to Nepal"},"content":{"rendered":"<h2 class=\"wp-block-heading\">Travel to Nepal - R\u00e9ceptif Nepal<\/h2>\n\n\n\n<h2 class=\"wp-block-heading\"><a href=\"https:\/\/web.archive.org\/web\/20160901143156\/http:\/fardestinationstours.com\/voyage-sur-mesure\/voyage-nepal\/17-vallee-de-katmandou-10-jours-09-nuits.html\">Kathmandu Valley (10 days \/ 09 nights)<\/a><\/h2>\n\n\n\n<p><strong><br><\/strong>Itinerary: Kathmandu-Swoyambhunath-Patan-Bhaktapur-Nagarkot-Chitwan-Pokhara<\/p>\n\n\n\n<p><strong>Day 1 France -&gt; Kathmandu<\/strong><\/p>\n\n\n\n<p>Flight from France to Kathmandu. Welcome at the airport and depending on your arrival time transfer to the hotel. Dinner (depending on your arrival time) and overnight at the hotel.<\/p>\n\n\n\n<p><strong>Day 2 Kathmandu - Patan - Kathmandu<\/strong><\/p>\n\n\n\n<p>After breakfast, departure for a visit to Durbar Square, the heart of ancient Kathmandu, with its old temples and the very pretty Gaddi Baithak Dubar cultural building, which is located on the square but cannot be visited. You will visit the Palace of the Goddess Kumari, the only living goddess on Earth. You can also contemplate the very surprising Nepalese architecture. Then you'll discover Swayambhunath and its stupa. Also known as the Monkey Temple, it stands on a hill 4 km from Kathmandu. Lunch during the visits. In the afternoon departure for Patan, known for its magnificent works of art and handicrafts. Patan is also the oldest town in the Kathmandu Valley. Return to Kathmandu at the end of the day. Dinner and overnight at the hotel.<\/p>\n\n\n\n<p><strong>Day 3 Kathmandu - Pasupatinath - Bhaktapur<\/strong><\/p>\n\n\n\n<p>After breakfast, departure for Pasupatinath and its incredible temple, which remains the most sacred in the whole country. There you will meet the devotees during their daily baths and ceremonies. Departure for Bhaktapur. Arrive in Bhaktapur and check into hotel. Lunch at the hotel. Then visit Bhaktapur, a marvellous town situated in the magic triangle, where you will be protected from evil spirits. Bhaktapur is an ancient medieval town where you will visit the streets where pottery is made and the streets of the town which are a veritable open-air museum. Dinner and overnight at the hotel.<\/p>\n\n\n\n<p><strong>Day 4 Bhaktapur - Nagarkot<\/strong><\/p>\n\n\n\n<p>After breakfast, visit the Changunarayan temple, an ancient Nepalese temple with remarkable architecture. Then departure for Nagarkot, at an altitude of 2136m and a 4-hour trek. Arrive in Nagarkot and check into hotel. Lunch at the hotel. In the afternoon, explore the village and admire the impressive panoramic view of the Himalayas. In this enchanting place you can enjoy the peace and quiet of the mountains, far from the incessant noise of Kathmandu. Dinner and overnight at the hotel.<\/p>\n\n\n\n<p><strong>Day 5 Nagarkot - Chitwan<\/strong><\/p>\n\n\n\n<p>After breakfast, departure for Chitwan on the Terai plain. Arrive at Maruni Sanctuary Lodge and check into hotel. Lunch at the lodge.  You will then have some free time to rest after your long journey. Dinner and overnight at the lodge.<\/p>\n\n\n\n<p><strong>Day 6 Chitwan<\/strong><\/p>\n\n\n\n<p>After breakfast you will explore one of the country's largest forests. Chitwan National Park, which is bordered to the south by India. It is one of Asia's richest nature reserves. This immense reserve is the perfect place to discover the life of animals. You'll come across one-horned rhinos, leopards, monkeys, bears and, above all, the famous Bengal tiger. Not to mention crocodiles and a multitude of birds. Lunch is included in the price. Dinner and overnight at the hotel.<\/p>\n\n\n\n<p><strong>Day 7 Chitwan - Pokhara<\/strong><\/p>\n\n\n\n<p>After breakfast, departure for Pokhara. The town of Pokhara is situated at the foot of Mount Annapurna, and is one of the most picturesque sites in Nepal. It is also the country's second largest city.  The beauty of the valley lies mainly in the heart of the Phewa, Begnas and Rupa lakes, which are born in the icy Himalayas. In terms of mountain scenery, Pokhara offers absolutely magnificent views of Himalchuli, Machhapuchhre and the Annapurna peaks. Lunch en route. In the afternoon you will visit the town of Pokhara, the Bindyabashini temple, the Seti Gorge, the town's typical bazaar and the Devil's Waterfalls. Dinner and overnight at the hotel.<\/p>\n\n\n\n<p><strong>Day 8 Pokhara - Kathmandu<\/strong><\/p>\n\n\n\n<p>After breakfast return to Kathmandu city. Lunch on the way. Arrive in Kathmandu at the end of the day and check into hotel. Free time at leisure. Dinner and overnight at the hotel.<\/p>\n\n\n\n<p><strong>Day 9 Kathmandu<\/strong><\/p>\n\n\n\n<p>After breakfast, the day is free for you to enjoy the city at your leisure and perhaps visit the local market to pick up some last souvenirs. Lunch during the day. Dinner and overnight at the hotel.<\/p>\n\n\n\n<p><strong>Day 10<\/strong>&nbsp;&nbsp;<strong>Kathmandu -&gt; France<\/strong><\/p>","protected":false},"excerpt":{"rendered":"<p>Voyage au N\u00e9pal &#8211; R\u00e9ceptif Nepal Vall\u00e9e de Katmandou (10 jours \/ 09 nuits) L\u2019itin\u00e9raire:&nbsp;Katmandou-Swoyambhunath-Patan-Bhaktapur-Nagarkot-Chitwan-Pokhara Jour 1 &nbsp;France -&gt; Katmandou Vol depuis la France \u00e0 destination de Katmandou. Accueil \u00e0 l\u2019a\u00e9roport et selon votre heure d\u2019arriv\u00e9e transfert \u00e0 l\u2019h\u00f4tel. Diner (selon votre heure d\u2019arriv\u00e9e) nuit \u00e0 l\u2019h\u00f4tel. Jour 2 &nbsp;Katmandou &#8211; Patan &#8211; Katmandou Apr\u00e8s [&hellip;]<\/p>\n","protected":false},"author":2,"featured_media":0,"parent":0,"menu_order":0,"comment_status":"closed","ping_status":"closed","template":"","meta":{"inline_featured_image":false,"footnotes":""},"class_list":["post-29877","page","type-page","status-publish","hentry"],"yoast_head":"<!-- This site is optimized with the Yoast SEO Premium plugin v19.2.1 (Yoast SEO v27.2) - https:\/\/yoast.com\/product\/yoast-seo-premium-wordpress\/ -->\n<title>Voyage au N\u00e9pal - Far Destinations tours<\/title>\n<meta name=\"robots\" content=\"index, follow, max-snippet:-1, max-image-preview:large, max-video-preview:-1\" \/>\n<link rel=\"canonical\" href=\"https:\/\/fardestinationstours.com\/en\/voyage-au-nepal\/\" \/>\n<meta property=\"og:locale\" content=\"en_GB\" \/>\n<meta property=\"og:type\" content=\"article\" \/>\n<meta property=\"og:title\" content=\"Voyage au N\u00e9pal\" \/>\n<meta property=\"og:description\" content=\"Voyage au N\u00e9pal &#8211; R\u00e9ceptif Nepal Vall\u00e9e de Katmandou (10 jours \/ 09 nuits) L\u2019itin\u00e9raire:&nbsp;Katmandou-Swoyambhunath-Patan-Bhaktapur-Nagarkot-Chitwan-Pokhara Jour 1 &nbsp;France -&gt; Katmandou Vol depuis la France \u00e0 destination de Katmandou. Accueil \u00e0 l\u2019a\u00e9roport et selon votre heure d\u2019arriv\u00e9e transfert \u00e0 l\u2019h\u00f4tel. Diner (selon votre heure d\u2019arriv\u00e9e) nuit \u00e0 l\u2019h\u00f4tel. Jour 2 &nbsp;Katmandou &#8211; Patan &#8211; Katmandou Apr\u00e8s [&hellip;]\" \/>\n<meta property=\"og:url\" content=\"https:\/\/fardestinationstours.com\/en\/voyage-au-nepal\/\" \/>\n<meta property=\"og:site_name\" content=\"Far Destinations tours\" \/>\n<meta property=\"article:modified_time\" content=\"2025-05-17T11:58:41+00:00\" \/>\n<meta name=\"twitter:card\" content=\"summary_large_image\" \/>\n<meta name=\"twitter:label1\" content=\"Estimated reading time\" \/>\n\t<meta name=\"twitter:data1\" content=\"4 minutes\" \/>\n<script type=\"application\/ld+json\" class=\"yoast-schema-graph\">{\"@context\":\"https:\/\/schema.org\",\"@graph\":[{\"@type\":\"WebPage\",\"@id\":\"https:\/\/fardestinationstours.com\/voyage-au-nepal\/\",\"url\":\"https:\/\/fardestinationstours.com\/voyage-au-nepal\/\",\"name\":\"Voyage au N\u00e9pal - Far Destinations tours\",\"isPartOf\":{\"@id\":\"https:\/\/fardestinationstours.com\/#website\"},\"datePublished\":\"2025-05-17T11:58:40+00:00\",\"dateModified\":\"2025-05-17T11:58:41+00:00\",\"breadcrumb\":{\"@id\":\"https:\/\/fardestinationstours.com\/voyage-au-nepal\/#breadcrumb\"},\"inLanguage\":\"en-GB\",\"potentialAction\":[{\"@type\":\"ReadAction\",\"target\":[\"https:\/\/fardestinationstours.com\/voyage-au-nepal\/\"]}]},{\"@type\":\"BreadcrumbList\",\"@id\":\"https:\/\/fardestinationstours.com\/voyage-au-nepal\/#breadcrumb\",\"itemListElement\":[{\"@type\":\"ListItem\",\"position\":1,\"name\":\"Home\",\"item\":\"https:\/\/fardestinationstours.com\/\"},{\"@type\":\"ListItem\",\"position\":2,\"name\":\"Voyage au N\u00e9pal\"}]},{\"@type\":\"WebSite\",\"@id\":\"https:\/\/fardestinationstours.com\/#website\",\"url\":\"https:\/\/fardestinationstours.com\/\",\"name\":\"Far Destinations tours\",\"description\":\"Partir \u00e0 la d\u00e9couverte du monde !\",\"publisher\":{\"@id\":\"https:\/\/fardestinationstours.com\/#organization\"},\"potentialAction\":[{\"@type\":\"SearchAction\",\"target\":{\"@type\":\"EntryPoint\",\"urlTemplate\":\"https:\/\/fardestinationstours.com\/?s={search_term_string}\"},\"query-input\":{\"@type\":\"PropertyValueSpecification\",\"valueRequired\":true,\"valueName\":\"search_term_string\"}}],\"inLanguage\":\"en-GB\"},{\"@type\":\"Organization\",\"@id\":\"https:\/\/fardestinationstours.com\/#organization\",\"name\":\"Far Destinations tours\",\"url\":\"https:\/\/fardestinationstours.com\/\",\"logo\":{\"@type\":\"ImageObject\",\"inLanguage\":\"en-GB\",\"@id\":\"https:\/\/fardestinationstours.com\/#\/schema\/logo\/image\/\",\"url\":\"https:\/\/fardestinationstours.com\/wp-content\/uploads\/2023\/06\/cropped-logo-fdt-jpg.png\",\"contentUrl\":\"https:\/\/fardestinationstours.com\/wp-content\/uploads\/2023\/06\/cropped-logo-fdt-jpg.png\",\"width\":460,\"height\":413,\"caption\":\"Far Destinations tours\"},\"image\":{\"@id\":\"https:\/\/fardestinationstours.com\/#\/schema\/logo\/image\/\"}}]}<\/script>\n<!-- \/ Yoast SEO Premium plugin. -->","yoast_head_json":{"title":"Travel to Nepal - Far Destinations tours","robots":{"index":"index","follow":"follow","max-snippet":"max-snippet:-1","max-image-preview":"max-image-preview:large","max-video-preview":"max-video-preview:-1"},"canonical":"https:\/\/fardestinationstours.com\/en\/voyage-au-nepal\/","og_locale":"en_GB","og_type":"article","og_title":"Voyage au N\u00e9pal","og_description":"Voyage au N\u00e9pal &#8211; R\u00e9ceptif Nepal Vall\u00e9e de Katmandou (10 jours \/ 09 nuits) L\u2019itin\u00e9raire:&nbsp;Katmandou-Swoyambhunath-Patan-Bhaktapur-Nagarkot-Chitwan-Pokhara Jour 1 &nbsp;France -&gt; Katmandou Vol depuis la France \u00e0 destination de Katmandou. Accueil \u00e0 l\u2019a\u00e9roport et selon votre heure d\u2019arriv\u00e9e transfert \u00e0 l\u2019h\u00f4tel. Diner (selon votre heure d\u2019arriv\u00e9e) nuit \u00e0 l\u2019h\u00f4tel. Jour 2 &nbsp;Katmandou &#8211; Patan &#8211; Katmandou Apr\u00e8s [&hellip;]","og_url":"https:\/\/fardestinationstours.com\/en\/voyage-au-nepal\/","og_site_name":"Far Destinations tours","article_modified_time":"2025-05-17T11:58:41+00:00","twitter_card":"summary_large_image","twitter_misc":{"Estimated reading time":"4 minutes"},"schema":{"@context":"https:\/\/schema.org","@graph":[{"@type":"WebPage","@id":"https:\/\/fardestinationstours.com\/voyage-au-nepal\/","url":"https:\/\/fardestinationstours.com\/voyage-au-nepal\/","name":"Travel to Nepal - Far Destinations tours","isPartOf":{"@id":"https:\/\/fardestinationstours.com\/#website"},"datePublished":"2025-05-17T11:58:40+00:00","dateModified":"2025-05-17T11:58:41+00:00","breadcrumb":{"@id":"https:\/\/fardestinationstours.com\/voyage-au-nepal\/#breadcrumb"},"inLanguage":"en-GB","potentialAction":[{"@type":"ReadAction","target":["https:\/\/fardestinationstours.com\/voyage-au-nepal\/"]}]},{"@type":"BreadcrumbList","@id":"https:\/\/fardestinationstours.com\/voyage-au-nepal\/#breadcrumb","itemListElement":[{"@type":"ListItem","position":1,"name":"Home","item":"https:\/\/fardestinationstours.com\/"},{"@type":"ListItem","position":2,"name":"Voyage au N\u00e9pal"}]},{"@type":"WebSite","@id":"https:\/\/fardestinationstours.com\/#website","url":"https:\/\/fardestinationstours.com\/","name":"Far Destinations tours","description":"Discover the world!","publisher":{"@id":"https:\/\/fardestinationstours.com\/#organization"},"potentialAction":[{"@type":"SearchAction","target":{"@type":"EntryPoint","urlTemplate":"https:\/\/fardestinationstours.com\/?s={search_term_string}"},"query-input":{"@type":"PropertyValueSpecification","valueRequired":true,"valueName":"search_term_string"}}],"inLanguage":"en-GB"},{"@type":"Organization","@id":"https:\/\/fardestinationstours.com\/#organization","name":"Far Destinations tours","url":"https:\/\/fardestinationstours.com\/","logo":{"@type":"ImageObject","inLanguage":"en-GB","@id":"https:\/\/fardestinationstours.com\/#\/schema\/logo\/image\/","url":"https:\/\/fardestinationstours.com\/wp-content\/uploads\/2023\/06\/cropped-logo-fdt-jpg.png","contentUrl":"https:\/\/fardestinationstours.com\/wp-content\/uploads\/2023\/06\/cropped-logo-fdt-jpg.png","width":460,"height":413,"caption":"Far Destinations tours"},"image":{"@id":"https:\/\/fardestinationstours.com\/#\/schema\/logo\/image\/"}}]}},"_links":{"self":[{"href":"https:\/\/fardestinationstours.com\/en\/wp-json\/wp\/v2\/pages\/29877","targetHints":{"allow":["GET"]}}],"collection":[{"href":"https:\/\/fardestinationstours.com\/en\/wp-json\/wp\/v2\/pages"}],"about":[{"href":"https:\/\/fardestinationstours.com\/en\/wp-json\/wp\/v2\/types\/page"}],"author":[{"embeddable":true,"href":"https:\/\/fardestinationstours.com\/en\/wp-json\/wp\/v2\/users\/2"}],"replies":[{"embeddable":true,"href":"https:\/\/fardestinationstours.com\/en\/wp-json\/wp\/v2\/comments?post=29877"}],"version-history":[{"count":1,"href":"https:\/\/fardestinationstours.com\/en\/wp-json\/wp\/v2\/pages\/29877\/revisions"}],"predecessor-version":[{"id":29878,"href":"https:\/\/fardestinationstours.com\/en\/wp-json\/wp\/v2\/pages\/29877\/revisions\/29878"}],"wp:attachment":[{"href":"https:\/\/fardestinationstours.com\/en\/wp-json\/wp\/v2\/media?parent=29877"}],"curies":[{"name":"wp","href":"https:\/\/api.w.org\/{rel}","templated":true}]}}