{"id":29879,"date":"2025-05-17T14:01:01","date_gmt":"2025-05-17T12:01:01","guid":{"rendered":"https:\/\/fardestinationstours.com\/?page_id=29879"},"modified":"2025-05-17T14:01:02","modified_gmt":"2025-05-17T12:01:02","slug":"circuit-trek-au-nepal","status":"publish","type":"page","link":"https:\/\/fardestinationstours.com\/en\/circuit-trek-au-nepal\/","title":{"rendered":"Trekking in Nepal"},"content":{"rendered":"<h2 class=\"wp-block-heading\">Nepal<\/h2>\n\n\n\n<h2 class=\"wp-block-heading\">Kathmandu Valley &amp; Trekking (14 days \/ 13 nights)<\/h2>\n\n\n\n<p>Who hasn't dreamt of one day discovering this mysterious country on the roof of the world? This tour offers you the chance to explore the most interesting part of Nepal, because you'll be able to see totally different aspects of the same country. You'll be able to contemplate a multitude of riches, but all very distinct. You'll discover the urban life of Kathmandu and its valley, home to the city of the arts. But you'll also explore the bewitching flora and fauna of Chitwan in the midst of some truly incredible nature. And finally, you'll rub shoulders with the highest mountains in the world on a magical Himalayan trek.<\/p>\n\n\n\n<p>Itinerary: Kathmandu-Patan-Bhaktapur-Chitwan-Pokhara-Birethanki-Ghandruk-Chumrung-Landruk-Dhampus Phedi<br><br><strong>Day 1 France -&gt; Kathmandu<\/strong><br>Flight from France to Kathmandu. Welcome at the airport and, depending on your arrival time, transfer to the hotel. Dinner (depending on your arrival time) and overnight at the hotel.<br><strong>Day 2 Kathmandu \/ Patan \/ Kathmandu<\/strong><br>After breakfast, visit to Swayambhunath and its stupa, also known as the Monkey Temple, located 4 km from Kathmandu. Then visit to Kathmandu: the Royal Palace, Kumari Palace and other historical monuments of the city. Lunch during the visits. In the afternoon departure for Patan, known as the city of arts and famous for its handicrafts. It is also the oldest city in the valley. Dinner and overnight at the hotel.<br><strong>Day 3 Kathmandu \/ Bhaktapur \/ Kathmandu<\/strong><br>After breakfast, departure for Pashupatinath. Arrival at Pashupatinath, a sacred site for Hindus as it is home to the temple of Shiva. You will then discover the very famous and imposing Boudhanath stupa, the largest in Nepal. Lunch and departure for Bhaktapur. Arrive in Bhaktapur, 13 km from Kathmandu. Then visit Bhaktapur, a marvellous town located in the magic triangle, where you will be protected from evil spirits. Bhaktapur is an ancient medieval town where you will visit the streets where pottery is practised, the streets of the town which are a veritable open-air museum. At the end of the day return to Kathmandu. Dinner and overnight at the hotel.<br><strong>Day 4 Kathmandu \/ Chitwan<\/strong><br>After breakfast, departure for Chitwan on the Terai plain. Arrive at Maruni Sanctuary Lodge and settle in. Lunch at the lodge. Dinner and overnight at the Lodge.<br><strong>Day 5 Chitwan<\/strong><br>After breakfast you will explore one of the country's largest forests. Chitwan National Park, which is bordered to the south by India. It is one of Asia's richest nature reserves. This immense reserve is the perfect place to discover the life of animals. You'll come across one-horned rhinos, leopards, monkeys, bears and, above all, the famous Bengal tiger. Not to mention crocodiles and a multitude of birds. Lunch is included in the price. Dinner and overnight at the hotel.<br><strong>Day 6 Chitwan \/ Pokhara<\/strong><br>After breakfast, departure for Pokhara. The town of Pokhara lies at the foot of Mount Annapurna and is one of Nepal's most picturesque sites. It is also the country's second largest city. The beauty of the valley lies mainly in the heart of the Phewa, Begnas and Rupa lakes, which are born in the icy Himalayas. In terms of mountain scenery, Pokhara offers absolutely magnificent views of Himalchuli, Machhapuchhre and the Annapurna peaks. Lunch en route. In the afternoon, you will visit the town of Pokhara, the Bindyabashini temple, the Seti Gorge, the town's typical bazaar and the Devil's Waterfalls. Dinner and overnight at the hotel.<br><strong>Day 7 Pokhara \/ Birethanki (Bus) \/ Ghandruk<\/strong><br>After breakfast, departure for Birethanki. You will then begin the trekking circuit. Birethanki - Ghandruk (5-hour walk). Lunch, dinner and overnight at the lodge.<br><strong>Day 8 Ghandruk \/ Chumrung<\/strong><br>After breakfast, departure from Ghandrukpour Chumrung (5-hour walk). Lunch, dinner and overnight at the lodge.<\/p>\n\n\n\n<p><strong>Day 9 Chumrung \/ Landruk<\/strong><br>After breakfast, departure for Chumrungde Landruk (4-hour walk). Lunch, dinner and overnight at the lodge.<br><strong>Day 10 Landruk \/ Dhampus Phedi \/ Pokhara<\/strong><br>After breakfast, departure for Landruk de Dhampus Phedi (6-hour walk). After lunch, return to Pokhara. Return to Pokhara. Dinner and overnight at the hotel.<br><strong>Day 11 Pokhara \/ Kathmandu<\/strong><br>After breakfast, departure by tourist bus for Kathmandu (6 hours). Lunch en route. Arrive in Kathmandu at the end of the day and check into hotel. Dinner and overnight at the hotel.<\/p>\n\n\n\n<p><strong>Day 12 Kathmandu<\/strong><\/p>\n\n\n\n<p>After breakfast, the day is free for you to enjoy the city at your leisure and perhaps visit the local market to pick up some last souvenirs. Lunch during the day. Dinner and overnight at the hotel.<\/p>\n\n\n\n<p><strong>Day 13 Kathmandu<\/strong><br>After breakfast, the day is free. Lunch during the day. Dinner and overnight at the hotel.<br><strong>Day 14 Kathmandu \/ France<\/strong><br>After breakfast, and depending on your flight time, transfer to the hotel for your flight to France. End of our services. Arrival in France.<\/p>","protected":false},"excerpt":{"rendered":"<p>N\u00e9pal Vall\u00e9e de Katmandou &amp; Trekking (14 jours \/ 13 nuits) Qui n\u2019a jamais r\u00eav\u00e9 de d\u00e9couvrir un jour ce myst\u00e9rieux pays situ\u00e9 sur le toit du monde ? Ce circuit vous propose d\u2019explorer la partie la plus int\u00e9ressante du N\u00e9pal car vous pourrez voir au c\u0153ur d\u2019un m\u00eame pays des aspects totalement diff\u00e9rents. Vous [&hellip;]<\/p>\n","protected":false},"author":2,"featured_media":0,"parent":0,"menu_order":0,"comment_status":"closed","ping_status":"closed","template":"","meta":{"inline_featured_image":false,"footnotes":""},"class_list":["post-29879","page","type-page","status-publish","hentry"],"yoast_head":"<!-- This site is optimized with the Yoast SEO Premium plugin v19.2.1 (Yoast SEO v27.2) - https:\/\/yoast.com\/product\/yoast-seo-premium-wordpress\/ -->\n<title>Circuit trek au Nepal - Far Destinations tours<\/title>\n<meta name=\"robots\" content=\"index, follow, max-snippet:-1, max-image-preview:large, max-video-preview:-1\" \/>\n<link rel=\"canonical\" href=\"https:\/\/fardestinationstours.com\/en\/circuit-trek-au-nepal\/\" \/>\n<meta property=\"og:locale\" content=\"en_GB\" \/>\n<meta property=\"og:type\" content=\"article\" \/>\n<meta property=\"og:title\" content=\"Circuit trek au Nepal\" \/>\n<meta property=\"og:description\" content=\"N\u00e9pal Vall\u00e9e de Katmandou &amp; Trekking (14 jours \/ 13 nuits) Qui n\u2019a jamais r\u00eav\u00e9 de d\u00e9couvrir un jour ce myst\u00e9rieux pays situ\u00e9 sur le toit du monde ? Ce circuit vous propose d\u2019explorer la partie la plus int\u00e9ressante du N\u00e9pal car vous pourrez voir au c\u0153ur d\u2019un m\u00eame pays des aspects totalement diff\u00e9rents. Vous [&hellip;]\" \/>\n<meta property=\"og:url\" content=\"https:\/\/fardestinationstours.com\/en\/circuit-trek-au-nepal\/\" \/>\n<meta property=\"og:site_name\" content=\"Far Destinations tours\" \/>\n<meta property=\"article:modified_time\" content=\"2025-05-17T12:01:02+00:00\" \/>\n<meta name=\"twitter:card\" content=\"summary_large_image\" \/>\n<meta name=\"twitter:label1\" content=\"Estimated reading time\" \/>\n\t<meta name=\"twitter:data1\" content=\"5 minutes\" \/>\n<script type=\"application\/ld+json\" class=\"yoast-schema-graph\">{\"@context\":\"https:\/\/schema.org\",\"@graph\":[{\"@type\":\"WebPage\",\"@id\":\"https:\/\/fardestinationstours.com\/circuit-trek-au-nepal\/\",\"url\":\"https:\/\/fardestinationstours.com\/circuit-trek-au-nepal\/\",\"name\":\"Circuit trek au Nepal - Far Destinations tours\",\"isPartOf\":{\"@id\":\"https:\/\/fardestinationstours.com\/#website\"},\"datePublished\":\"2025-05-17T12:01:01+00:00\",\"dateModified\":\"2025-05-17T12:01:02+00:00\",\"breadcrumb\":{\"@id\":\"https:\/\/fardestinationstours.com\/circuit-trek-au-nepal\/#breadcrumb\"},\"inLanguage\":\"en-GB\",\"potentialAction\":[{\"@type\":\"ReadAction\",\"target\":[\"https:\/\/fardestinationstours.com\/circuit-trek-au-nepal\/\"]}]},{\"@type\":\"BreadcrumbList\",\"@id\":\"https:\/\/fardestinationstours.com\/circuit-trek-au-nepal\/#breadcrumb\",\"itemListElement\":[{\"@type\":\"ListItem\",\"position\":1,\"name\":\"Home\",\"item\":\"https:\/\/fardestinationstours.com\/\"},{\"@type\":\"ListItem\",\"position\":2,\"name\":\"Circuit trek au Nepal\"}]},{\"@type\":\"WebSite\",\"@id\":\"https:\/\/fardestinationstours.com\/#website\",\"url\":\"https:\/\/fardestinationstours.com\/\",\"name\":\"Far Destinations tours\",\"description\":\"Partir \u00e0 la d\u00e9couverte du monde !\",\"publisher\":{\"@id\":\"https:\/\/fardestinationstours.com\/#organization\"},\"potentialAction\":[{\"@type\":\"SearchAction\",\"target\":{\"@type\":\"EntryPoint\",\"urlTemplate\":\"https:\/\/fardestinationstours.com\/?s={search_term_string}\"},\"query-input\":{\"@type\":\"PropertyValueSpecification\",\"valueRequired\":true,\"valueName\":\"search_term_string\"}}],\"inLanguage\":\"en-GB\"},{\"@type\":\"Organization\",\"@id\":\"https:\/\/fardestinationstours.com\/#organization\",\"name\":\"Far Destinations tours\",\"url\":\"https:\/\/fardestinationstours.com\/\",\"logo\":{\"@type\":\"ImageObject\",\"inLanguage\":\"en-GB\",\"@id\":\"https:\/\/fardestinationstours.com\/#\/schema\/logo\/image\/\",\"url\":\"https:\/\/fardestinationstours.com\/wp-content\/uploads\/2023\/06\/cropped-logo-fdt-jpg.png\",\"contentUrl\":\"https:\/\/fardestinationstours.com\/wp-content\/uploads\/2023\/06\/cropped-logo-fdt-jpg.png\",\"width\":460,\"height\":413,\"caption\":\"Far Destinations tours\"},\"image\":{\"@id\":\"https:\/\/fardestinationstours.com\/#\/schema\/logo\/image\/\"}}]}<\/script>\n<!-- \/ Yoast SEO Premium plugin. -->","yoast_head_json":{"title":"Nepal trekking tour - Far Destinations tours","robots":{"index":"index","follow":"follow","max-snippet":"max-snippet:-1","max-image-preview":"max-image-preview:large","max-video-preview":"max-video-preview:-1"},"canonical":"https:\/\/fardestinationstours.com\/en\/circuit-trek-au-nepal\/","og_locale":"en_GB","og_type":"article","og_title":"Circuit trek au Nepal","og_description":"N\u00e9pal Vall\u00e9e de Katmandou &amp; Trekking (14 jours \/ 13 nuits) Qui n\u2019a jamais r\u00eav\u00e9 de d\u00e9couvrir un jour ce myst\u00e9rieux pays situ\u00e9 sur le toit du monde ? Ce circuit vous propose d\u2019explorer la partie la plus int\u00e9ressante du N\u00e9pal car vous pourrez voir au c\u0153ur d\u2019un m\u00eame pays des aspects totalement diff\u00e9rents. Vous [&hellip;]","og_url":"https:\/\/fardestinationstours.com\/en\/circuit-trek-au-nepal\/","og_site_name":"Far Destinations tours","article_modified_time":"2025-05-17T12:01:02+00:00","twitter_card":"summary_large_image","twitter_misc":{"Estimated reading time":"5 minutes"},"schema":{"@context":"https:\/\/schema.org","@graph":[{"@type":"WebPage","@id":"https:\/\/fardestinationstours.com\/circuit-trek-au-nepal\/","url":"https:\/\/fardestinationstours.com\/circuit-trek-au-nepal\/","name":"Nepal trekking tour - Far Destinations tours","isPartOf":{"@id":"https:\/\/fardestinationstours.com\/#website"},"datePublished":"2025-05-17T12:01:01+00:00","dateModified":"2025-05-17T12:01:02+00:00","breadcrumb":{"@id":"https:\/\/fardestinationstours.com\/circuit-trek-au-nepal\/#breadcrumb"},"inLanguage":"en-GB","potentialAction":[{"@type":"ReadAction","target":["https:\/\/fardestinationstours.com\/circuit-trek-au-nepal\/"]}]},{"@type":"BreadcrumbList","@id":"https:\/\/fardestinationstours.com\/circuit-trek-au-nepal\/#breadcrumb","itemListElement":[{"@type":"ListItem","position":1,"name":"Home","item":"https:\/\/fardestinationstours.com\/"},{"@type":"ListItem","position":2,"name":"Circuit trek au Nepal"}]},{"@type":"WebSite","@id":"https:\/\/fardestinationstours.com\/#website","url":"https:\/\/fardestinationstours.com\/","name":"Far Destinations tours","description":"Discover the world!","publisher":{"@id":"https:\/\/fardestinationstours.com\/#organization"},"potentialAction":[{"@type":"SearchAction","target":{"@type":"EntryPoint","urlTemplate":"https:\/\/fardestinationstours.com\/?s={search_term_string}"},"query-input":{"@type":"PropertyValueSpecification","valueRequired":true,"valueName":"search_term_string"}}],"inLanguage":"en-GB"},{"@type":"Organization","@id":"https:\/\/fardestinationstours.com\/#organization","name":"Far Destinations tours","url":"https:\/\/fardestinationstours.com\/","logo":{"@type":"ImageObject","inLanguage":"en-GB","@id":"https:\/\/fardestinationstours.com\/#\/schema\/logo\/image\/","url":"https:\/\/fardestinationstours.com\/wp-content\/uploads\/2023\/06\/cropped-logo-fdt-jpg.png","contentUrl":"https:\/\/fardestinationstours.com\/wp-content\/uploads\/2023\/06\/cropped-logo-fdt-jpg.png","width":460,"height":413,"caption":"Far Destinations tours"},"image":{"@id":"https:\/\/fardestinationstours.com\/#\/schema\/logo\/image\/"}}]}},"_links":{"self":[{"href":"https:\/\/fardestinationstours.com\/en\/wp-json\/wp\/v2\/pages\/29879","targetHints":{"allow":["GET"]}}],"collection":[{"href":"https:\/\/fardestinationstours.com\/en\/wp-json\/wp\/v2\/pages"}],"about":[{"href":"https:\/\/fardestinationstours.com\/en\/wp-json\/wp\/v2\/types\/page"}],"author":[{"embeddable":true,"href":"https:\/\/fardestinationstours.com\/en\/wp-json\/wp\/v2\/users\/2"}],"replies":[{"embeddable":true,"href":"https:\/\/fardestinationstours.com\/en\/wp-json\/wp\/v2\/comments?post=29879"}],"version-history":[{"count":1,"href":"https:\/\/fardestinationstours.com\/en\/wp-json\/wp\/v2\/pages\/29879\/revisions"}],"predecessor-version":[{"id":29881,"href":"https:\/\/fardestinationstours.com\/en\/wp-json\/wp\/v2\/pages\/29879\/revisions\/29881"}],"wp:attachment":[{"href":"https:\/\/fardestinationstours.com\/en\/wp-json\/wp\/v2\/media?parent=29879"}],"curies":[{"name":"wp","href":"https:\/\/api.w.org\/{rel}","templated":true}]}}