{"id":29886,"date":"2025-05-17T14:14:18","date_gmt":"2025-05-17T12:14:18","guid":{"rendered":"https:\/\/fardestinationstours.com\/?page_id=29886"},"modified":"2025-05-19T18:19:10","modified_gmt":"2025-05-19T16:19:10","slug":"voyage-en-inde","status":"publish","type":"page","link":"https:\/\/fardestinationstours.com\/en\/travel-in-inde-2\/","title":{"rendered":"trip to India:"},"content":{"rendered":"<h3 class=\"wp-block-heading\">Travel to India<\/h3>\n\n\n\n\n\n<p>India, in long form the Republic of India, is a country in South Asia that occupies most of the Indian subcontinent. India is the second most populous country in the world and the seventh largest.<\/p>\n\n\n\n<p>Capital city :&nbsp;<a href=\"https:\/\/web.archive.org\/web\/20150210122200\/https:\/www.google.com\/search?safe=active&amp;q=new+delhi&amp;stick=H4sIAAAAAAAAAGOovnz8BQMDgwkHnxCHfq6-gXFRtoESmJWSU2agJZOdbKWfk5-cWJKZn6efnF-aV1JUaZWcWJBZkpjztcuMedsl63Y9u9lGEqm_mhWXvIsEAFFB2ZNRAAAA&amp;sa=X&amp;ei=3uSUUtHyK4OBywP8oYJw&amp;ved=0CJ8BEJsTKAIwDw\">New Delhi<\/a><\/p>\n\n\n\n<p><strong>Population :<\/strong>&nbsp;<a href=\"https:\/\/web.archive.org\/web\/20150210122200\/https:\/www.google.com\/search?safe=active&amp;q=inde+population&amp;sa=X&amp;ei=3uSUUtHyK4OBywP8oYJw&amp;ved=0CKQBEJsTKAIwEA\">1.237 billion (2012)<\/a>&nbsp;<a href=\"https:\/\/web.archive.org\/web\/20150210122200\/http:\/data.worldbank.org\/indicator\/SP.POP.TOTL\">World Bank<\/a><\/p>\n\n\n\n<p><strong>Prime Minister :<\/strong>&nbsp;<a href=\"https:\/\/web.archive.org\/web\/20150210122200\/http:\/fr.wikipedia.org\/wiki\/Narendra_Modi\" target=\"_blank\" rel=\"noreferrer noopener\">Narendra Modi<\/a><\/p>\n\n\n\n<p><strong>Gross domestic product :<\/strong>&nbsp;<a href=\"https:\/\/web.archive.org\/web\/20150210122200\/https:\/www.google.com\/search?safe=active&amp;q=inde+produit+int%C3%A9rieur+brut&amp;sa=X&amp;ei=3uSUUtHyK4OBywP8oYJw&amp;ved=0CK8BEJsTKAIwEg\">USD 1.842 trillion (2012)<\/a>&nbsp;<a href=\"https:\/\/web.archive.org\/web\/20150210122200\/http:\/data.worldbank.org\/indicator\/NY.GDP.MKTP.CD\">World Bank<\/a><\/p>\n\n\n\n<p><strong>Currency :<\/strong>&nbsp;Indian rupee<\/p>\n\n\n\n<p><strong>Official languages :<\/strong>&nbsp;Hindi, English<\/p>","protected":false},"excerpt":{"rendered":"<p>Voyage en Inde L&rsquo;Inde, en forme longue la R\u00e9publique de l&rsquo;Inde est un pays du sud de l&rsquo;Asie qui occupe la majeure partie du sous-continent indien. L&rsquo;Inde est le deuxi\u00e8me pays le plus peupl\u00e9 et le septi\u00e8me pays le plus grand du monde. Capitale&nbsp;:&nbsp;New Delhi Population&nbsp;:&nbsp;1,237 milliard (2012)&nbsp;Banque mondiale Premier ministre&nbsp;:&nbsp;Narendra Modi Produit int\u00e9rieur brut&nbsp;:&nbsp;1,842 [&hellip;]<\/p>\n","protected":false},"author":2,"featured_media":0,"parent":0,"menu_order":0,"comment_status":"closed","ping_status":"closed","template":"","meta":{"inline_featured_image":false,"footnotes":""},"class_list":["post-29886","page","type-page","status-publish","hentry"],"yoast_head":"<!-- This site is optimized with the Yoast SEO Premium plugin v19.2.1 (Yoast SEO v27.2) - https:\/\/yoast.com\/product\/yoast-seo-premium-wordpress\/ -->\n<title>voyage en Inde: - Far Destinations tours<\/title>\n<meta name=\"robots\" content=\"index, follow, max-snippet:-1, max-image-preview:large, max-video-preview:-1\" \/>\n<link rel=\"canonical\" href=\"https:\/\/fardestinationstours.com\/en\/travel-in-inde-2\/\" \/>\n<meta property=\"og:locale\" content=\"en_GB\" \/>\n<meta property=\"og:type\" content=\"article\" \/>\n<meta property=\"og:title\" content=\"voyage en Inde:\" \/>\n<meta property=\"og:description\" content=\"Voyage en Inde L&rsquo;Inde, en forme longue la R\u00e9publique de l&rsquo;Inde est un pays du sud de l&rsquo;Asie qui occupe la majeure partie du sous-continent indien. L&rsquo;Inde est le deuxi\u00e8me pays le plus peupl\u00e9 et le septi\u00e8me pays le plus grand du monde. Capitale&nbsp;:&nbsp;New Delhi Population&nbsp;:&nbsp;1,237 milliard (2012)&nbsp;Banque mondiale Premier ministre&nbsp;:&nbsp;Narendra Modi Produit int\u00e9rieur brut&nbsp;:&nbsp;1,842 [&hellip;]\" \/>\n<meta property=\"og:url\" content=\"https:\/\/fardestinationstours.com\/en\/travel-in-inde-2\/\" \/>\n<meta property=\"og:site_name\" content=\"Far Destinations tours\" \/>\n<meta property=\"article:modified_time\" content=\"2025-05-19T16:19:10+00:00\" \/>\n<meta name=\"twitter:card\" content=\"summary_large_image\" \/>\n<meta name=\"twitter:label1\" content=\"Estimated reading time\" \/>\n\t<meta name=\"twitter:data1\" content=\"1 minute\" \/>\n<script type=\"application\/ld+json\" class=\"yoast-schema-graph\">{\"@context\":\"https:\/\/schema.org\",\"@graph\":[{\"@type\":\"WebPage\",\"@id\":\"https:\/\/fardestinationstours.com\/voyage-en-inde\/\",\"url\":\"https:\/\/fardestinationstours.com\/voyage-en-inde\/\",\"name\":\"voyage en Inde: - Far Destinations tours\",\"isPartOf\":{\"@id\":\"https:\/\/fardestinationstours.com\/#website\"},\"datePublished\":\"2025-05-17T12:14:18+00:00\",\"dateModified\":\"2025-05-19T16:19:10+00:00\",\"breadcrumb\":{\"@id\":\"https:\/\/fardestinationstours.com\/voyage-en-inde\/#breadcrumb\"},\"inLanguage\":\"en-GB\",\"potentialAction\":[{\"@type\":\"ReadAction\",\"target\":[\"https:\/\/fardestinationstours.com\/voyage-en-inde\/\"]}]},{\"@type\":\"BreadcrumbList\",\"@id\":\"https:\/\/fardestinationstours.com\/voyage-en-inde\/#breadcrumb\",\"itemListElement\":[{\"@type\":\"ListItem\",\"position\":1,\"name\":\"Home\",\"item\":\"https:\/\/fardestinationstours.com\/\"},{\"@type\":\"ListItem\",\"position\":2,\"name\":\"voyage en Inde:\"}]},{\"@type\":\"WebSite\",\"@id\":\"https:\/\/fardestinationstours.com\/#website\",\"url\":\"https:\/\/fardestinationstours.com\/\",\"name\":\"Far Destinations tours\",\"description\":\"Partir \u00e0 la d\u00e9couverte du monde !\",\"publisher\":{\"@id\":\"https:\/\/fardestinationstours.com\/#organization\"},\"potentialAction\":[{\"@type\":\"SearchAction\",\"target\":{\"@type\":\"EntryPoint\",\"urlTemplate\":\"https:\/\/fardestinationstours.com\/?s={search_term_string}\"},\"query-input\":{\"@type\":\"PropertyValueSpecification\",\"valueRequired\":true,\"valueName\":\"search_term_string\"}}],\"inLanguage\":\"en-GB\"},{\"@type\":\"Organization\",\"@id\":\"https:\/\/fardestinationstours.com\/#organization\",\"name\":\"Far Destinations tours\",\"url\":\"https:\/\/fardestinationstours.com\/\",\"logo\":{\"@type\":\"ImageObject\",\"inLanguage\":\"en-GB\",\"@id\":\"https:\/\/fardestinationstours.com\/#\/schema\/logo\/image\/\",\"url\":\"https:\/\/fardestinationstours.com\/wp-content\/uploads\/2023\/06\/cropped-logo-fdt-jpg.png\",\"contentUrl\":\"https:\/\/fardestinationstours.com\/wp-content\/uploads\/2023\/06\/cropped-logo-fdt-jpg.png\",\"width\":460,\"height\":413,\"caption\":\"Far Destinations tours\"},\"image\":{\"@id\":\"https:\/\/fardestinationstours.com\/#\/schema\/logo\/image\/\"}}]}<\/script>\n<!-- \/ Yoast SEO Premium plugin. -->","yoast_head_json":{"title":"travel to India: - Far Destinations tours","robots":{"index":"index","follow":"follow","max-snippet":"max-snippet:-1","max-image-preview":"max-image-preview:large","max-video-preview":"max-video-preview:-1"},"canonical":"https:\/\/fardestinationstours.com\/en\/travel-in-inde-2\/","og_locale":"en_GB","og_type":"article","og_title":"voyage en Inde:","og_description":"Voyage en Inde L&rsquo;Inde, en forme longue la R\u00e9publique de l&rsquo;Inde est un pays du sud de l&rsquo;Asie qui occupe la majeure partie du sous-continent indien. L&rsquo;Inde est le deuxi\u00e8me pays le plus peupl\u00e9 et le septi\u00e8me pays le plus grand du monde. Capitale&nbsp;:&nbsp;New Delhi Population&nbsp;:&nbsp;1,237 milliard (2012)&nbsp;Banque mondiale Premier ministre&nbsp;:&nbsp;Narendra Modi Produit int\u00e9rieur brut&nbsp;:&nbsp;1,842 [&hellip;]","og_url":"https:\/\/fardestinationstours.com\/en\/travel-in-inde-2\/","og_site_name":"Far Destinations tours","article_modified_time":"2025-05-19T16:19:10+00:00","twitter_card":"summary_large_image","twitter_misc":{"Estimated reading time":"1 minute"},"schema":{"@context":"https:\/\/schema.org","@graph":[{"@type":"WebPage","@id":"https:\/\/fardestinationstours.com\/voyage-en-inde\/","url":"https:\/\/fardestinationstours.com\/voyage-en-inde\/","name":"travel to India: - Far Destinations tours","isPartOf":{"@id":"https:\/\/fardestinationstours.com\/#website"},"datePublished":"2025-05-17T12:14:18+00:00","dateModified":"2025-05-19T16:19:10+00:00","breadcrumb":{"@id":"https:\/\/fardestinationstours.com\/voyage-en-inde\/#breadcrumb"},"inLanguage":"en-GB","potentialAction":[{"@type":"ReadAction","target":["https:\/\/fardestinationstours.com\/voyage-en-inde\/"]}]},{"@type":"BreadcrumbList","@id":"https:\/\/fardestinationstours.com\/voyage-en-inde\/#breadcrumb","itemListElement":[{"@type":"ListItem","position":1,"name":"Home","item":"https:\/\/fardestinationstours.com\/"},{"@type":"ListItem","position":2,"name":"voyage en Inde:"}]},{"@type":"WebSite","@id":"https:\/\/fardestinationstours.com\/#website","url":"https:\/\/fardestinationstours.com\/","name":"Far Destinations tours","description":"Discover the world!","publisher":{"@id":"https:\/\/fardestinationstours.com\/#organization"},"potentialAction":[{"@type":"SearchAction","target":{"@type":"EntryPoint","urlTemplate":"https:\/\/fardestinationstours.com\/?s={search_term_string}"},"query-input":{"@type":"PropertyValueSpecification","valueRequired":true,"valueName":"search_term_string"}}],"inLanguage":"en-GB"},{"@type":"Organization","@id":"https:\/\/fardestinationstours.com\/#organization","name":"Far Destinations tours","url":"https:\/\/fardestinationstours.com\/","logo":{"@type":"ImageObject","inLanguage":"en-GB","@id":"https:\/\/fardestinationstours.com\/#\/schema\/logo\/image\/","url":"https:\/\/fardestinationstours.com\/wp-content\/uploads\/2023\/06\/cropped-logo-fdt-jpg.png","contentUrl":"https:\/\/fardestinationstours.com\/wp-content\/uploads\/2023\/06\/cropped-logo-fdt-jpg.png","width":460,"height":413,"caption":"Far Destinations tours"},"image":{"@id":"https:\/\/fardestinationstours.com\/#\/schema\/logo\/image\/"}}]}},"_links":{"self":[{"href":"https:\/\/fardestinationstours.com\/en\/wp-json\/wp\/v2\/pages\/29886","targetHints":{"allow":["GET"]}}],"collection":[{"href":"https:\/\/fardestinationstours.com\/en\/wp-json\/wp\/v2\/pages"}],"about":[{"href":"https:\/\/fardestinationstours.com\/en\/wp-json\/wp\/v2\/types\/page"}],"author":[{"embeddable":true,"href":"https:\/\/fardestinationstours.com\/en\/wp-json\/wp\/v2\/users\/2"}],"replies":[{"embeddable":true,"href":"https:\/\/fardestinationstours.com\/en\/wp-json\/wp\/v2\/comments?post=29886"}],"version-history":[{"count":1,"href":"https:\/\/fardestinationstours.com\/en\/wp-json\/wp\/v2\/pages\/29886\/revisions"}],"predecessor-version":[{"id":29887,"href":"https:\/\/fardestinationstours.com\/en\/wp-json\/wp\/v2\/pages\/29886\/revisions\/29887"}],"wp:attachment":[{"href":"https:\/\/fardestinationstours.com\/en\/wp-json\/wp\/v2\/media?parent=29886"}],"curies":[{"name":"wp","href":"https:\/\/api.w.org\/{rel}","templated":true}]}}